{"id":25206,"date":"2022-06-13T16:04:42","date_gmt":"2022-06-13T11:34:42","guid":{"rendered":"https:\/\/hellohome.ir\/autovermietung\/"},"modified":"2022-10-28T11:55:27","modified_gmt":"2022-10-28T08:25:27","slug":"autovermietung","status":"publish","type":"page","link":"https:\/\/hellohome.ir\/de\/autovermietung\/","title":{"rendered":"Autovermietung"},"content":{"rendered":"\t\t<div data-elementor-type=\"wp-page\" data-elementor-id=\"25206\" class=\"elementor elementor-25206\" data-elementor-post-type=\"page\">\n\t\t\t\t\t\t<section class=\"elementor-section elementor-top-section elementor-element elementor-element-87d6358 elementor-section-boxed elementor-section-height-default elementor-section-height-default\" data-id=\"87d6358\" data-element_type=\"section\">\n\t\t\t\t\t\t<div class=\"elementor-container elementor-column-gap-default\">\n\t\t\t\t\t<div class=\"elementor-column elementor-col-100 elementor-top-column elementor-element elementor-element-80c046c\" data-id=\"80c046c\" data-element_type=\"column\">\n\t\t\t<div class=\"elementor-widget-wrap elementor-element-populated\">\n\t\t\t\t\t\t<div class=\"elementor-element elementor-element-144da72 elementor-widget elementor-widget-heading\" data-id=\"144da72\" data-element_type=\"widget\" data-widget_type=\"heading.default\">\n\t\t\t\t<div class=\"elementor-widget-container\">\n\t\t\t<h2 class=\"elementor-heading-title elementor-size-default\">Autovermietung<\/h2>\t\t<\/div>\n\t\t\t\t<\/div>\n\t\t\t\t<div class=\"elementor-element elementor-element-ce0ff99 elementor-widget elementor-widget-text-editor\" data-id=\"ce0ff99\" data-element_type=\"widget\" data-widget_type=\"text-editor.default\">\n\t\t\t\t<div class=\"elementor-widget-container\">\n\t\t\t\t\t\t\t<p>Um ein Auto in Alanya zu mieten, m\u00fcssen Sie nicht zu RENT A CAR-Unternehmen in der T\u00fcrkei gehen. Sie k\u00f6nnen ein Auto aus dem Iran mieten, indem Sie 2 oder 1 Woche vor Ihrer Reise anrufen, Ihr gew\u00fcnschtes Auto reservieren, indem Sie die Mindesteinzahlung leisten und keine Kreditkarte haben. <a href=\"https:\/\/hellohome.ir\/de\/\">Gesellschaft Hello Home<\/a> So k\u00f6nnen Sie sich w\u00e4hrend Ihrer Reise keine Sorgen um das Fahrzeug machen.<br>Autolieferung am Flughafen Ghazi Pasha (Flughafen Alania).<\/p><p>Kontaktieren Sie uns per <a href=\"https:\/\/wa.me\/905526686890\" target=\"_blank\" rel=\"noopener\">WhatsApp<\/a>, um ein Auto zu buchen.<\/p><p><img fetchpriority=\"high\" decoding=\"async\" class=\"aligncenter wp-image-19784 size-large\" src=\"https:\/\/hellohome.ir\/wp-content\/uploads\/2022\/07\/rent-a-car-1024x683.jpg\" alt=\"Autovermietung\" width=\"1024\" height=\"683\" srcset=\"https:\/\/hellohome.ir\/wp-content\/uploads\/2022\/07\/rent-a-car-1024x683.jpg 1024w, https:\/\/hellohome.ir\/wp-content\/uploads\/2022\/07\/rent-a-car-300x200.jpg 300w, https:\/\/hellohome.ir\/wp-content\/uploads\/2022\/07\/rent-a-car-768x512.jpg 768w, https:\/\/hellohome.ir\/wp-content\/uploads\/2022\/07\/rent-a-car-1536x1024.jpg 1536w, https:\/\/hellohome.ir\/wp-content\/uploads\/2022\/07\/rent-a-car-900x600.jpg 900w, https:\/\/hellohome.ir\/wp-content\/uploads\/2022\/07\/rent-a-car-496x331.jpg 496w, https:\/\/hellohome.ir\/wp-content\/uploads\/2022\/07\/rent-a-car.jpg 1900w\" sizes=\"(max-width: 1024px) 100vw, 1024px\" \/><\/p>\t\t\t\t\t\t<\/div>\n\t\t\t\t<\/div>\n\t\t\t\t\t<\/div>\n\t\t<\/div>\n\t\t\t\t\t<\/div>\n\t\t<\/section>\n\t\t\t\t<\/div>\n\t\t","protected":false},"excerpt":{"rendered":"<p>Autovermietung Um ein Auto in Alanya zu mieten, m\u00fcssen Sie nicht zu RENT A CAR-Unternehmen in der T\u00fcrkei gehen. Sie k\u00f6nnen ein Auto aus dem Iran mieten, indem Sie 2 oder 1 Woche vor Ihrer Reise anrufen, Ihr gew\u00fcnschtes Auto reservieren, indem Sie die Mindesteinzahlung leisten und keine Kreditkarte haben. Gesellschaft Hello Home So k\u00f6nnen [&hellip;]<\/p>\n","protected":false},"author":178,"featured_media":0,"parent":0,"menu_order":0,"comment_status":"closed","ping_status":"closed","template":"","meta":{"footnotes":""},"class_list":["post-25206","page","type-page","status-publish","hentry"],"_links":{"self":[{"href":"https:\/\/hellohome.ir\/de\/wp-json\/wp\/v2\/pages\/25206"}],"collection":[{"href":"https:\/\/hellohome.ir\/de\/wp-json\/wp\/v2\/pages"}],"about":[{"href":"https:\/\/hellohome.ir\/de\/wp-json\/wp\/v2\/types\/page"}],"author":[{"embeddable":true,"href":"https:\/\/hellohome.ir\/de\/wp-json\/wp\/v2\/users\/178"}],"replies":[{"embeddable":true,"href":"https:\/\/hellohome.ir\/de\/wp-json\/wp\/v2\/comments?post=25206"}],"version-history":[{"count":1,"href":"https:\/\/hellohome.ir\/de\/wp-json\/wp\/v2\/pages\/25206\/revisions"}],"predecessor-version":[{"id":25211,"href":"https:\/\/hellohome.ir\/de\/wp-json\/wp\/v2\/pages\/25206\/revisions\/25211"}],"wp:attachment":[{"href":"https:\/\/hellohome.ir\/de\/wp-json\/wp\/v2\/media?parent=25206"}],"curies":[{"name":"wp","href":"https:\/\/api.w.org\/{rel}","templated":true}]}}