{"id":25199,"date":"2022-06-13T16:05:53","date_gmt":"2022-06-13T11:35:53","guid":{"rendered":"https:\/\/hellohome.ir\/schliessen-sie-eine-touristenversicherung-ab\/"},"modified":"2022-10-28T11:55:26","modified_gmt":"2022-10-28T08:25:26","slug":"schliessen-sie-eine-touristenversicherung-ab","status":"publish","type":"page","link":"https:\/\/hellohome.ir\/de\/schliessen-sie-eine-touristenversicherung-ab\/","title":{"rendered":"Schlie\u00dfen Sie eine Touristenversicherung ab"},"content":{"rendered":"\t\t<div data-elementor-type=\"wp-page\" data-elementor-id=\"25199\" class=\"elementor elementor-25199\" data-elementor-post-type=\"page\">\n\t\t\t\t\t\t<section class=\"elementor-section elementor-top-section elementor-element elementor-element-0c0171f elementor-section-boxed elementor-section-height-default elementor-section-height-default\" data-id=\"0c0171f\" data-element_type=\"section\">\n\t\t\t\t\t\t<div class=\"elementor-container elementor-column-gap-default\">\n\t\t\t\t\t<div class=\"elementor-column elementor-col-100 elementor-top-column elementor-element elementor-element-ee6b26e\" data-id=\"ee6b26e\" data-element_type=\"column\">\n\t\t\t<div class=\"elementor-widget-wrap elementor-element-populated\">\n\t\t\t\t\t\t<div class=\"elementor-element elementor-element-3ae6a67 elementor-widget elementor-widget-heading\" data-id=\"3ae6a67\" data-element_type=\"widget\" data-widget_type=\"heading.default\">\n\t\t\t\t<div class=\"elementor-widget-container\">\n\t\t\t<h2 class=\"elementor-heading-title elementor-size-default\">Schlie\u00dfen Sie eine Touristenversicherung ab<\/h2>\t\t<\/div>\n\t\t\t\t<\/div>\n\t\t\t\t<div class=\"elementor-element elementor-element-8cffd6d elementor-widget elementor-widget-text-editor\" data-id=\"8cffd6d\" data-element_type=\"widget\" data-widget_type=\"text-editor.default\">\n\t\t\t\t<div class=\"elementor-widget-container\">\n\t\t\t\t\t\t\t<p>Gem\u00e4\u00df dem Einwanderungsgesetz der T\u00fcrkei ist der Abschluss einer Krankenversicherung (Sigorta) eines der erforderlichen Dokumente, um einen (kurz- oder langfristigen) Aufenthalt zu erhalten.<\/p><p>Eines der Dokumente, die wir der <a href=\"https:\/\/www.goc.gov.tr\/\" target=\"_blank\" rel=\"noopener\">Einwanderungsbeh\u00f6rde w\u00e4hrend<\/a> des Termins vorlegen, ist die Krankenversicherungspolice.In der T\u00fcrkei gibt es etwa 30 Unternehmen, die Krankenversicherungsleistungen f\u00fcr Ausl\u00e4nder anbieten, die von der Einwanderungsbeh\u00f6rde akzeptiert werden.<\/p><p>Nach R\u00fccksprache mit Ihnen und Pr\u00fcfung von Dingen wie (Alter, Aufenthaltsdauer, Versicherungskosten) w\u00e4hlen wir die gew\u00fcnschte Versicherungsgesellschaft aus und schlie\u00dfen auch ohne Ihre Anwesenheit den Versicherungsschein ab.<\/p><p><strong>Klicken Sie hier f\u00fcr eine Beratung per <a href=\"https:\/\/wa.me\/905526686890\" target=\"_blank\" rel=\"noopener\">WhatsApp<\/a>.<\/strong><\/p>\t\t\t\t\t\t<\/div>\n\t\t\t\t<\/div>\n\t\t\t\t\t<\/div>\n\t\t<\/div>\n\t\t\t\t\t<\/div>\n\t\t<\/section>\n\t\t\t\t<\/div>\n\t\t","protected":false},"excerpt":{"rendered":"<p>Schlie\u00dfen Sie eine Touristenversicherung ab Gem\u00e4\u00df dem Einwanderungsgesetz der T\u00fcrkei ist der Abschluss einer Krankenversicherung (Sigorta) eines der erforderlichen Dokumente, um einen (kurz- oder langfristigen) Aufenthalt zu erhalten. Eines der Dokumente, die wir der Einwanderungsbeh\u00f6rde w\u00e4hrend des Termins vorlegen, ist die Krankenversicherungspolice.In der T\u00fcrkei gibt es etwa 30 Unternehmen, die Krankenversicherungsleistungen f\u00fcr Ausl\u00e4nder anbieten, die [&hellip;]<\/p>\n","protected":false},"author":178,"featured_media":0,"parent":0,"menu_order":0,"comment_status":"closed","ping_status":"closed","template":"","meta":{"footnotes":""},"class_list":["post-25199","page","type-page","status-publish","hentry"],"_links":{"self":[{"href":"https:\/\/hellohome.ir\/de\/wp-json\/wp\/v2\/pages\/25199"}],"collection":[{"href":"https:\/\/hellohome.ir\/de\/wp-json\/wp\/v2\/pages"}],"about":[{"href":"https:\/\/hellohome.ir\/de\/wp-json\/wp\/v2\/types\/page"}],"author":[{"embeddable":true,"href":"https:\/\/hellohome.ir\/de\/wp-json\/wp\/v2\/users\/178"}],"replies":[{"embeddable":true,"href":"https:\/\/hellohome.ir\/de\/wp-json\/wp\/v2\/comments?post=25199"}],"version-history":[{"count":1,"href":"https:\/\/hellohome.ir\/de\/wp-json\/wp\/v2\/pages\/25199\/revisions"}],"predecessor-version":[{"id":25201,"href":"https:\/\/hellohome.ir\/de\/wp-json\/wp\/v2\/pages\/25199\/revisions\/25201"}],"wp:attachment":[{"href":"https:\/\/hellohome.ir\/de\/wp-json\/wp\/v2\/media?parent=25199"}],"curies":[{"name":"wp","href":"https:\/\/api.w.org\/{rel}","templated":true}]}}