{"id":25180,"date":"2022-06-13T15:41:44","date_gmt":"2022-06-13T11:11:44","guid":{"rendered":"https:\/\/hellohome.ir\/ueber-die-stadt-alanya\/"},"modified":"2022-10-28T11:09:18","modified_gmt":"2022-10-28T07:39:18","slug":"ueber-die-stadt-alanya","status":"publish","type":"page","link":"https:\/\/hellohome.ir\/de\/ueber-die-stadt-alanya\/","title":{"rendered":"\u00dcber die Stadt Alanya"},"content":{"rendered":"\t\t<div data-elementor-type=\"wp-page\" data-elementor-id=\"25180\" class=\"elementor elementor-25180\" data-elementor-post-type=\"page\">\n\t\t\t\t\t\t<section class=\"elementor-section elementor-top-section elementor-element elementor-element-c1247e5 elementor-section-boxed elementor-section-height-default elementor-section-height-default\" data-id=\"c1247e5\" data-element_type=\"section\">\n\t\t\t\t\t\t<div class=\"elementor-container elementor-column-gap-default\">\n\t\t\t\t\t<div class=\"elementor-column elementor-col-100 elementor-top-column elementor-element elementor-element-5fb9abd\" data-id=\"5fb9abd\" data-element_type=\"column\">\n\t\t\t<div class=\"elementor-widget-wrap elementor-element-populated\">\n\t\t\t\t\t\t<div class=\"elementor-element elementor-element-7b7e07b elementor-widget elementor-widget-heading\" data-id=\"7b7e07b\" data-element_type=\"widget\" data-widget_type=\"heading.default\">\n\t\t\t\t<div class=\"elementor-widget-container\">\n\t\t\t<h2 class=\"elementor-heading-title elementor-size-default\">\u00dcber die Stadt Alanya<\/h2>\t\t<\/div>\n\t\t\t\t<\/div>\n\t\t\t\t<div class=\"elementor-element elementor-element-9d10080 elementor-widget elementor-widget-text-editor\" data-id=\"9d10080\" data-element_type=\"widget\" data-widget_type=\"text-editor.default\">\n\t\t\t\t<div class=\"elementor-widget-container\">\n\t\t\t\t\t\t\t<h2>Vorstellung der Stadtteile von Alanya<\/h2><h3><strong>Zentrale Region von Alanya ALANYA MERKEZ MAHALLESI<\/strong><\/h3><p>Dieses Gebiet liegt 130 km von Alanya und 45 km vom Flughafen Gazi Pasha Alanya entfernt. Geb\u00e4ude in diesem Bereich sind in der Regel Villen und Wohnanlagen. Im K\u00fcstengebiet wurden alte H\u00e4user und neue Komplexe gebaut. Der ber\u00fchmte Strand von Cleopatra, Damlatash in dieser Gegend, ist f\u00fcr Touristen und Einwohner von Interesse.<\/p><p>Handels- und Verwaltungszentren, Versicherungen sind im Stadtzentrum angesiedelt. In dieser Gegend gibt es viele Restaurants mit traditionellen t\u00fcrkischen, asiatischen und europ\u00e4ischen Gerichten.F\u00fcr diejenigen, die sich f\u00fcr das Nachtleben interessieren, stehen in dieser Gegend ber\u00fchmte Nachtclubs und Bars bereit.<\/p><p>Die Burg von Alanya, die sich auf dem Berg befindet, das arch\u00e4ologische Museum, alte Moscheen, sehr sch\u00f6ne H\u00f6hlen und ein Wasserpark befinden sich ebenfalls in dieser Gegend. Die N\u00e4he zu Einkaufszentren, Universit\u00e4ten und st\u00e4dtischen Annehmlichkeiten geh\u00f6ren zu den Merkmalen dieser Gegend. Der Hauptplatz der Stadt ist der Atat\u00fcrk-Platz in dieser Gegend.<\/p><p>Klicken Sie auch hier, um die Immobilien in der <a href=\"https:\/\/hellohome.ir\/de\/area\/alanya-center-de\/\">Gegend von Alanya anzuzeigen<\/a>.<\/p><h3>Kargijak-Bezirk von Alanya KARGICAK MAHALLESI<\/h3><p>Das erste Gebiet nach Demirtas, das Alanya betritt, ist Kargijak.<\/p><p>Das Kargijak-Gebiet mit einer K\u00fcstenl\u00e4nge von 4500 Metern und einer Fl\u00e4che von 1800 Hektar beherbergt Touristen und Einwohner, die aus verschiedenen europ\u00e4ischen L\u00e4ndern in dieses Gebiet gereist sind.<\/p><p>Der Sandstrand und die einzigartigen Buchten und der blaue Himmel in dieser Gegend ziehen viele Naturliebhaber an.<\/p><p>Die sch\u00f6nen und luxuri\u00f6sen Hotels von Kargijak hei\u00dfen den ganzen Fr\u00fchling und Sommer \u00fcber viele Touristen willkommen.<\/p><p>Wenn Sie planen, eine Immobilie in der Gegend von Kargijak und anderen St\u00e4dten von Alanya zu kaufen, ist das <a href=\"https:\/\/hellohome.ir\/de\/ueber-uns\/\">Immobilienunternehmen HelloHome<\/a> mit Stolz bei Ihnen.<\/p><p>Klicken Sie auch hier, um Immobilien in der <a href=\"https:\/\/hellohome.ir\/de\/area\/kargicak-de\/\">Gegend von Kargijak anzuzeigen<\/a>.<\/p><h3>Oba Region Alanya OBA MAHALLESI<\/h3><p>Oba ist eine der weitl\u00e4ufigen Gegenden von Alanya, die sich im Nordosten dieser Stadt befindet.<\/p><p>Dieses Gebiet wird durch den Kirei Youl-G\u00fcrtel in Nord- und S\u00fcd-Oba geteilt.<\/p><p>Eine Investition in diese Region, die zu den Regionen namens Alanya geh\u00f6rt, ist f\u00fcr Investoren sehr rentabel.<\/p><p>North Oba, das sich auf einer H\u00f6he befindet, die Sie mit dem Blick auf das wundersch\u00f6ne Mittelmeer und die Burg von Alanya in Erstaunen versetzen wird.<\/p><p>St\u00e4dtische Einrichtungen wie Schulen, Einkaufszentren, Universit\u00e4ten, Krankenh\u00e4user usw. in dieser Gegend bieten Komfort f\u00fcr diejenigen, die beabsichtigen, lange in Alanya zu leben.<\/p><p>Das Tourismusgebiet von Dim Chai und Dim River mit sch\u00f6nen Clubs und Restaurants befindet sich in dieser Gegend.<\/p><p>Wenn Sie planen, eine Immobilie in Oba und anderen Gegenden von Alanya zu kaufen, ist <a href=\"https:\/\/hellohome.ir\/de\/kontakt-mit-uns\/\">HelloHome Real Estate Company<\/a> stolz darauf, mit Ihnen zusammen zu sein.<\/p><p>Klicken Sie auch hier, um Immobilien in der <a href=\"https:\/\/hellohome.ir\/de\/area\/oba-de\/\">Gegend von Oba anzuzeigen<\/a>.<\/p><p><img fetchpriority=\"high\" decoding=\"async\" class=\"aligncenter wp-image-19742 size-full\" src=\"https:\/\/hellohome.ir\/wp-content\/uploads\/2022\/07\/alanya.jpg\" alt=\"\u00dcber die Stadt Alanya\" width=\"1461\" height=\"822\" srcset=\"https:\/\/hellohome.ir\/wp-content\/uploads\/2022\/07\/alanya.jpg 1461w, https:\/\/hellohome.ir\/wp-content\/uploads\/2022\/07\/alanya-300x169.jpg 300w, https:\/\/hellohome.ir\/wp-content\/uploads\/2022\/07\/alanya-1024x576.jpg 1024w, https:\/\/hellohome.ir\/wp-content\/uploads\/2022\/07\/alanya-768x432.jpg 768w, https:\/\/hellohome.ir\/wp-content\/uploads\/2022\/07\/alanya-1066x600.jpg 1066w, https:\/\/hellohome.ir\/wp-content\/uploads\/2022\/07\/alanya-496x279.jpg 496w\" sizes=\"(max-width: 1461px) 100vw, 1461px\" \/><\/p><h3>Cikjili-Viertel von Alanya CIKCILLI MAHALLESI<\/h3><p>Jikjili ist die Wahl f\u00fcr diejenigen, die Ruhe und Einrichtungen zusammen wollen.<\/p><p>Die Autobahn Youl, die Antalya und Ghazi Pasha verbindet, f\u00fchrt durch das Herz von Cikjili. Von der Terrasse des Cikcili Parks sehen Sie die Aussicht auf die ganze Stadt Alanya.<\/p><p>Jikjili bietet seinen Bewohnern alle st\u00e4dtischen Annehmlichkeiten.<\/p><p>Universit\u00e4t, Krankenhaus, \u00f6ffentliche Schulen aller Stufen, Gesundheitszentrum, beliebtes Einkaufszentrum von Alanya (Alanium), Supermarkt und Samstagsmarkt.<\/p><p>Mit einem 15-min\u00fctigen Spaziergang erreichen Sie den Wald oder das Meer.Der einfache Zugang zu den Str\u00e4nden und Restaurants der Jikjili-Bars ist eine der Attraktionen dieser Gegend.<\/p><p>Klicken Sie auch hier, um Immobilien in der <a href=\"https:\/\/hellohome.ir\/de\/area\/cikcilli-de\/\">Gegend von Jikjili anzuzeigen<\/a>.<\/p><h3>Tusmor-Region von Alanya TOSMUR MAHALLESI<\/h3><p>Wenn wir uns nach der Region Mahmotlar in Richtung Alanya bewegen, erreichen wir Tosmur, das eines der beliebtesten Touristengebiete ist.Str\u00e4nde und Freizeiteinrichtungen wie Jetski, Fallschirmspringen und Parasailing haben die Attraktivit\u00e4t des Tourismus in dieser Region erh\u00f6ht.<\/p><p>Klicken Sie auch hier, um die Eigenschaften des <a href=\"https:\/\/hellohome.ir\/de\/area\/tosmur-de\/\">Gebiets Tosmore anzuzeigen<\/a>.<\/p><h3>Mahmutlar-Gebiet MAHMUTLAR MAHALLESI<\/h3><p>12 Kilometer \u00f6stlich des Zentrums von Alanya liegt der Bezirk Mahmutlar zwischen den Bezirken Kestel und Kargijak. Dieser Bereich, der in den letzten Jahren ein erhebliches Wachstum im Bauwesen erlebt hat, hat die Aufmerksamkeit vieler Bauherren auf sich gezogen.<\/p><p>Mahmutlar, das pulsierende Herz der Stadt Alanya, hat mit st\u00e4dtischen Annehmlichkeiten wie zahlreichen Restaurants, Filialisten, Obstm\u00e4rkten, Haus\u00e4rzten und Schulen auf allen Ebenen gute Bedingungen f\u00fcr diejenigen geschaffen, die beabsichtigen, lange in Alanya zu leben.<\/p><p>Sandstr\u00e4nde und gro\u00dfe Hotels und zahlreiche Restaurants, die Dichte an T\u00fcrmen und sch\u00f6nen Geb\u00e4uden in dieser Gegend haben die Aufmerksamkeit vieler Touristen auf sich gezogen und diese Gegend ist zu allen Jahreszeiten sehr sch\u00f6n und voller Leben.<\/p><p>Klicken Sie auch hier, um die Eigenschaften des <a href=\"https:\/\/hellohome.ir\/de\/area\/mahmutlar-de\/\">Mahmutlar-Gebiets anzuzeigen<\/a>.<\/p><h3>Kastel-Bereich KESTEL MAHALLESI<\/h3><p>Dieser Bereich ist einer der modernsten Bereiche von Alanya, der vollst\u00e4ndig nach den Prinzipien der modernen Stadtplanung gebaut wurde. Dies hat das Interesse vieler Investoren auf das Objekt geweckt. Die Existenz einer langen K\u00fcste und luxuri\u00f6ser Hotels und st\u00e4dtischer Einrichtungen, darunter die Universit\u00e4t von Qabad, \u00f6ffentliche Verkehrsmittel und ein einfacher Zugang zum Stadtzentrum sowie eine gro\u00dfe Anzahl sch\u00f6ner Komplexe und die sch\u00f6ne Aussicht auf das Mittelmeer machen diese Region einzigartig Ausl\u00e4nder.<\/p><p>Klicken Sie auch hier, um die Immobilien in der <a href=\"https:\/\/hellohome.ir\/de\/area\/kestel-de\/\">Gegend von Kastel anzuzeigen<\/a>.<\/p><h3>Avsalar-Region AVSALLAR MAHALLESI<\/h3><p>Dieses Gebiet ist 25 km von der Stadt Alanya entfernt und stellt eines der westlichen Gebiete dieser Stadt dar. Der einheitliche Sandstrand ist eines der charakteristischen Merkmale dieses Gebiets. Der sch\u00f6ne Strand von INCEKUM, der als goldener Strand bekannt ist, ist w\u00e4hrend der Touristensaison f\u00fcr Touristen und Einwohner der nahe gelegenen St\u00e4dte von Interesse.<\/p><p>In Avsalar gibt es Luxushotels, Strandunterhaltung und Nachtleben, einen Wasserpark und ein Delphinarium.Die Immobilien in dieser Gegend sind Villen mit alten Strukturen und modernen Apartments. Filialisten (Migros, Carrefour, Beam, Shock etc.) sorgen in diesem Areal f\u00fcr das Wohl der Bewohner, die Stadt SIDE mit ihren historischen Geb\u00e4uden in der N\u00e4he dieses Areals ist f\u00fcr Geschichtsinteressierte attraktiv setzt.<\/p><p>Klicken Sie auch hier, um die Eigenschaften des <a href=\"https:\/\/hellohome.ir\/de\/area\/avsallar-de\/\">Avsalar-Gebiets anzuzeigen<\/a>.<\/p><h3>Region Demirtasch DEMIRTA\u015e MAHALLESI<\/h3><p>Dieses Gebiet liegt im Osten von Alanya und 15 km vom Flughafen Gazi Pasha entfernt.In der N\u00e4he dieses Gebiets befinden sich \u00dcberreste der r\u00f6mischen Stadt Sider und ein einzigartiger unber\u00fchrter Strand, dessen Besuch sehr zu empfehlen ist.<\/p><p>Diese Gegend, abseits der lauten Touristenstr\u00f6me, ist ein attraktiver Ort f\u00fcr diejenigen, die Ruhe und Leben in der N\u00e4he angenehmer Natur suchen. F\u00fcr diejenigen, die nach langfristigen Investitionen suchen, ist dieses Gebiet mit billigem Land und Aussicht auf Wachstum und Entwicklung sehr profitabel.<\/p><p>Klicken Sie auch hier, um die Eigenschaften des <a href=\"https:\/\/hellohome.ir\/de\/area\/demirtash-de\/\">Gebiets Demirtash anzuzeigen<\/a>.<\/p><h3>Bektasch-Gebiet BEKTA\u015e MAHALLESI<\/h3><p>Im n\u00f6rdlichen Teil der Stadt Alanya liegt die Region Bektash und Tepe in den Ausl\u00e4ufern des Berges Tross, und die einzigartige Aussicht auf das Meer, die Burg und die Stadt Alanya ist von hier aus sehr spektakul\u00e4r. Die Bewohner dieser Gegend sind meist Einheimische, Villen und Geb\u00e4ude in dieser Gegend sind f\u00fcr Ausl\u00e4nder sehr attraktiv. Es gibt viele lokale Restaurants in dieser Gegend, und unser Vorschlag ist ein lokales und traditionelles t\u00fcrkisches Fr\u00fchst\u00fcck.<\/p><p>Klicken Sie auch hier, um die <a href=\"https:\/\/hellohome.ir\/de\/area\/bektash-de\/\">Liegenschaften im Bektash-Gebiet anzuzeigen<\/a>.<\/p><h3>Konakli-Region KONAKLI MAHALLESI<\/h3><p>12 km westlich von Alanya liegt das Wohngebiet Konakli mit einem Sand- und Kiesstrand, in dieser Gegend gibt es einen Reptilienstrand und die alte Karawanserei von Sharapsa.<\/p><p>Die Gesch\u00e4fte sind im Allgemeinen klein und f\u00fcr Touristen geeignet. Caf\u00e9s und Restaurants mit internationaler K\u00fcche sowie Diskotheken und Clubs sind bei jungen Touristen sehr beliebt. Karting und ein kleiner Golfclub sowie ein Wasserpark und ein Delfinarium befinden sich in der N\u00e4he von Konakli in Avsalar. Die Immobilien sind im Allgemeinen in Form von luxuri\u00f6sen Villenkomplexen mit weitl\u00e4ufigen Grundst\u00fccken mit Berg- und Meerblick. In diesem Gebiet d\u00fcrfen nur niedrige Geb\u00e4ude gebaut werden, weshalb die Geb\u00e4udepreise im Allgemeinen h\u00f6her sind als in anderen Gebieten.<\/p><p>Klicken Sie auch hier, um die <a href=\"https:\/\/hellohome.ir\/de\/area\/konakli-de\/\">Eigenschaften des Konakli-Gebiets anzuzeigen<\/a>.<\/p><p>Unsere Berater beantworten Ihre Fragen zur Stadt Alanya per <a href=\"https:\/\/wa.me\/905526686890\" target=\"_blank\" rel=\"noopener\">WhatsApp<\/a>.<\/p>\t\t\t\t\t\t<\/div>\n\t\t\t\t<\/div>\n\t\t\t\t\t<\/div>\n\t\t<\/div>\n\t\t\t\t\t<\/div>\n\t\t<\/section>\n\t\t\t\t<\/div>\n\t\t","protected":false},"excerpt":{"rendered":"<p>\u00dcber die Stadt Alanya Vorstellung der Stadtteile von Alanya Zentrale Region von Alanya ALANYA MERKEZ MAHALLESI Dieses Gebiet liegt 130 km von Alanya und 45 km vom Flughafen Gazi Pasha Alanya entfernt. Geb\u00e4ude in diesem Bereich sind in der Regel Villen und Wohnanlagen. Im K\u00fcstengebiet wurden alte H\u00e4user und neue Komplexe gebaut. Der ber\u00fchmte Strand [&hellip;]<\/p>\n","protected":false},"author":178,"featured_media":0,"parent":0,"menu_order":0,"comment_status":"closed","ping_status":"closed","template":"","meta":{"footnotes":""},"class_list":["post-25180","page","type-page","status-publish","hentry"],"_links":{"self":[{"href":"https:\/\/hellohome.ir\/de\/wp-json\/wp\/v2\/pages\/25180"}],"collection":[{"href":"https:\/\/hellohome.ir\/de\/wp-json\/wp\/v2\/pages"}],"about":[{"href":"https:\/\/hellohome.ir\/de\/wp-json\/wp\/v2\/types\/page"}],"author":[{"embeddable":true,"href":"https:\/\/hellohome.ir\/de\/wp-json\/wp\/v2\/users\/178"}],"replies":[{"embeddable":true,"href":"https:\/\/hellohome.ir\/de\/wp-json\/wp\/v2\/comments?post=25180"}],"version-history":[{"count":1,"href":"https:\/\/hellohome.ir\/de\/wp-json\/wp\/v2\/pages\/25180\/revisions"}],"predecessor-version":[{"id":25181,"href":"https:\/\/hellohome.ir\/de\/wp-json\/wp\/v2\/pages\/25180\/revisions\/25181"}],"wp:attachment":[{"href":"https:\/\/hellohome.ir\/de\/wp-json\/wp\/v2\/media?parent=25180"}],"curies":[{"name":"wp","href":"https:\/\/api.w.org\/{rel}","templated":true}]}}