{"id":24958,"date":"2022-06-15T12:59:25","date_gmt":"2022-06-15T08:29:25","guid":{"rendered":"https:\/\/hellohome.ir\/studienberatung-in-alanya\/"},"modified":"2022-10-27T18:48:20","modified_gmt":"2022-10-27T15:18:20","slug":"studienberatung-in-alanya","status":"publish","type":"page","link":"https:\/\/hellohome.ir\/de\/studienberatung-in-alanya\/","title":{"rendered":"Studienberatung in Alanya"},"content":{"rendered":"\t\t<div data-elementor-type=\"wp-page\" data-elementor-id=\"24958\" class=\"elementor elementor-24958\" data-elementor-post-type=\"page\">\n\t\t\t\t\t\t<section class=\"elementor-section elementor-top-section elementor-element elementor-element-4661a05 elementor-section-boxed elementor-section-height-default elementor-section-height-default\" data-id=\"4661a05\" data-element_type=\"section\">\n\t\t\t\t\t\t<div class=\"elementor-container elementor-column-gap-default\">\n\t\t\t\t\t<div class=\"elementor-column elementor-col-100 elementor-top-column elementor-element elementor-element-e98cee6\" data-id=\"e98cee6\" data-element_type=\"column\">\n\t\t\t<div class=\"elementor-widget-wrap elementor-element-populated\">\n\t\t\t\t\t\t<div class=\"elementor-element elementor-element-827da17 elementor-widget elementor-widget-heading\" data-id=\"827da17\" data-element_type=\"widget\" data-widget_type=\"heading.default\">\n\t\t\t\t<div class=\"elementor-widget-container\">\n\t\t\t<h2 class=\"elementor-heading-title elementor-size-default\">Studienberatung in Alanya<\/h2>\t\t<\/div>\n\t\t\t\t<\/div>\n\t\t\t\t<div class=\"elementor-element elementor-element-794093a elementor-widget elementor-widget-text-editor\" data-id=\"794093a\" data-element_type=\"widget\" data-widget_type=\"text-editor.default\">\n\t\t\t\t<div class=\"elementor-widget-container\">\n\t\t\t\t\t\t\t<p>Eines der Anliegen von Familien, die migrieren wollen, ist die Bildung ihrer Kinder.<\/p><p>Mit \u00f6ffentlichen Schulen, Privatschulen und internationalen Schulen hat Alanya es Kindern aller Bildungsstufen erm\u00f6glicht, die Dienste dieser Schulen zu nutzen.<\/p><p>Nach einem Treffen mit Ihnen und Ihrem Kind stellt Ihnen der Schulberater von <a href=\"https:\/\/hellohome.ir\/de\/\">Hello Home<\/a> die gew\u00fcnschten Schulen vor und begleitet Sie w\u00e4hrend aller Anmeldephasen und bei Bedarf sogar w\u00e4hrend des Schuljahres.<\/p><p><a href=\"https:\/\/wa.me\/905526686890\" target=\"_blank\" rel=\"noopener\">Beratung per WhatsApp<\/a><\/p><p><img fetchpriority=\"high\" decoding=\"async\" class=\"aligncenter wp-image-19791 size-full\" src=\"https:\/\/hellohome.ir\/wp-content\/uploads\/2022\/07\/Academic-advice.jpg\" alt=\"Studienberatung in Alanya\" width=\"720\" height=\"430\" srcset=\"https:\/\/hellohome.ir\/wp-content\/uploads\/2022\/07\/Academic-advice.jpg 720w, https:\/\/hellohome.ir\/wp-content\/uploads\/2022\/07\/Academic-advice-300x179.jpg 300w, https:\/\/hellohome.ir\/wp-content\/uploads\/2022\/07\/Academic-advice-496x296.jpg 496w\" sizes=\"(max-width: 720px) 100vw, 720px\" \/><\/p>\t\t\t\t\t\t<\/div>\n\t\t\t\t<\/div>\n\t\t\t\t\t<\/div>\n\t\t<\/div>\n\t\t\t\t\t<\/div>\n\t\t<\/section>\n\t\t\t\t<\/div>\n\t\t","protected":false},"excerpt":{"rendered":"<p>Studienberatung in Alanya Eines der Anliegen von Familien, die migrieren wollen, ist die Bildung ihrer Kinder. Mit \u00f6ffentlichen Schulen, Privatschulen und internationalen Schulen hat Alanya es Kindern aller Bildungsstufen erm\u00f6glicht, die Dienste dieser Schulen zu nutzen. Nach einem Treffen mit Ihnen und Ihrem Kind stellt Ihnen der Schulberater von Hello Home die gew\u00fcnschten Schulen vor [&hellip;]<\/p>\n","protected":false},"author":178,"featured_media":0,"parent":0,"menu_order":0,"comment_status":"closed","ping_status":"closed","template":"","meta":{"footnotes":""},"class_list":["post-24958","page","type-page","status-publish","hentry"],"_links":{"self":[{"href":"https:\/\/hellohome.ir\/de\/wp-json\/wp\/v2\/pages\/24958"}],"collection":[{"href":"https:\/\/hellohome.ir\/de\/wp-json\/wp\/v2\/pages"}],"about":[{"href":"https:\/\/hellohome.ir\/de\/wp-json\/wp\/v2\/types\/page"}],"author":[{"embeddable":true,"href":"https:\/\/hellohome.ir\/de\/wp-json\/wp\/v2\/users\/178"}],"replies":[{"embeddable":true,"href":"https:\/\/hellohome.ir\/de\/wp-json\/wp\/v2\/comments?post=24958"}],"version-history":[{"count":1,"href":"https:\/\/hellohome.ir\/de\/wp-json\/wp\/v2\/pages\/24958\/revisions"}],"predecessor-version":[{"id":24963,"href":"https:\/\/hellohome.ir\/de\/wp-json\/wp\/v2\/pages\/24958\/revisions\/24963"}],"wp:attachment":[{"href":"https:\/\/hellohome.ir\/de\/wp-json\/wp\/v2\/media?parent=24958"}],"curies":[{"name":"wp","href":"https:\/\/api.w.org\/{rel}","templated":true}]}}