{"id":24955,"date":"2022-06-15T13:01:47","date_gmt":"2022-06-15T08:31:47","guid":{"rendered":"https:\/\/hellohome.ir\/anlageberatung\/"},"modified":"2022-10-27T18:37:31","modified_gmt":"2022-10-27T15:07:31","slug":"anlageberatung","status":"publish","type":"page","link":"https:\/\/hellohome.ir\/de\/anlageberatung\/","title":{"rendered":"Anlageberatung"},"content":{"rendered":"\t\t<div data-elementor-type=\"wp-page\" data-elementor-id=\"24955\" class=\"elementor elementor-24955\" data-elementor-post-type=\"page\">\n\t\t\t\t\t\t<section class=\"elementor-section elementor-top-section elementor-element elementor-element-25f7768 elementor-section-boxed elementor-section-height-default elementor-section-height-default\" data-id=\"25f7768\" data-element_type=\"section\">\n\t\t\t\t\t\t<div class=\"elementor-container elementor-column-gap-default\">\n\t\t\t\t\t<div class=\"elementor-column elementor-col-100 elementor-top-column elementor-element elementor-element-042ff70\" data-id=\"042ff70\" data-element_type=\"column\">\n\t\t\t<div class=\"elementor-widget-wrap elementor-element-populated\">\n\t\t\t\t\t\t<div class=\"elementor-element elementor-element-c839c29 elementor-widget elementor-widget-heading\" data-id=\"c839c29\" data-element_type=\"widget\" data-widget_type=\"heading.default\">\n\t\t\t\t<div class=\"elementor-widget-container\">\n\t\t\t<h2 class=\"elementor-heading-title elementor-size-default\">Anlageberatung<\/h2>\t\t<\/div>\n\t\t\t\t<\/div>\n\t\t\t\t<div class=\"elementor-element elementor-element-10447c6 elementor-widget elementor-widget-text-editor\" data-id=\"10447c6\" data-element_type=\"widget\" data-widget_type=\"text-editor.default\">\n\t\t\t\t<div class=\"elementor-widget-container\">\n\t\t\t\t\t\t\t<p>Hier sehen wir uns 6 Anlagemethoden in der T\u00fcrkei zusammenfassend an:<\/p><p>Investitionen sind die einzige M\u00f6glichkeit, den Wert der Immobilie zu erhalten <a href=\"https:\/\/hellohome.ir\/de\/\">Hello Home Company<\/a> Nachdem Sie die Ziele und die H\u00f6he Ihres Kapitals festgelegt und den Markt und die Bedingungen der Region \u00fcberpr\u00fcft haben, schl\u00e4gt er Ihnen den besten und zuverl\u00e4ssigsten Weg vor, damit wir eine sichere und rentable Investition f\u00fcr Sie haben.<\/p><p>Aufgrund ihrer europ\u00e4ischen Lage und ihres globalen Bankensystems ist die T\u00fcrkei eine gute Gelegenheit f\u00fcr Investitionen.<\/p><p>1. <strong>Gr\u00fcndung eines Unternehmens in der T\u00fcrkei<\/strong>: In Anbetracht des touristischen Charakters von Alanya und des Interesses von Touristen und T\u00fcrken, Caf\u00e9s und Restaurants zu besuchen, kann die Gr\u00fcndung eines Caf\u00e9s oder Restaurants eine gute Idee sein, um ein Unternehmen zu gr\u00fcnden. Nach den Gesetzen dieses Landes m\u00fcssen Sie das Unternehmen registrieren.<br>2. <strong>Kauf von Immobilien in der T\u00fcrkei und Erlangung der Staatsb\u00fcrgerschaft<\/strong><br>3. <strong>Investitionen in den Import und Export der T\u00fcrkei<\/strong><br>4. <strong>Investition in t\u00fcrkische Banken<\/strong><br>5. <strong>Kauf der Marke Sood Deh in der T\u00fcrkei<\/strong><br>6. <strong>Investieren in den t\u00fcrkischen Aktienmarkt<\/strong><br>Ein weiterer Fall sind Investitionen in der T\u00fcrkei.<br>Um die Details dieser Artikel zu erfahren, wenden Sie sich an <a href=\"https:\/\/hellohome.ir\/de\/kontakt-mit-uns\/\">unsere Berater<\/a>.<\/p><p><a href=\"https:\/\/wa.me\/905526686890\" target=\"_blank\" rel=\"noopener\">Direkter Kontakt \u00fcber WhatsApp<\/a><\/p>\t\t\t\t\t\t<\/div>\n\t\t\t\t<\/div>\n\t\t\t\t\t<\/div>\n\t\t<\/div>\n\t\t\t\t\t<\/div>\n\t\t<\/section>\n\t\t\t\t<\/div>\n\t\t","protected":false},"excerpt":{"rendered":"<p>Anlageberatung Hier sehen wir uns 6 Anlagemethoden in der T\u00fcrkei zusammenfassend an: Investitionen sind die einzige M\u00f6glichkeit, den Wert der Immobilie zu erhalten Hello Home Company Nachdem Sie die Ziele und die H\u00f6he Ihres Kapitals festgelegt und den Markt und die Bedingungen der Region \u00fcberpr\u00fcft haben, schl\u00e4gt er Ihnen den besten und zuverl\u00e4ssigsten Weg vor, [&hellip;]<\/p>\n","protected":false},"author":178,"featured_media":0,"parent":0,"menu_order":0,"comment_status":"closed","ping_status":"closed","template":"","meta":{"footnotes":""},"class_list":["post-24955","page","type-page","status-publish","hentry"],"_links":{"self":[{"href":"https:\/\/hellohome.ir\/de\/wp-json\/wp\/v2\/pages\/24955"}],"collection":[{"href":"https:\/\/hellohome.ir\/de\/wp-json\/wp\/v2\/pages"}],"about":[{"href":"https:\/\/hellohome.ir\/de\/wp-json\/wp\/v2\/types\/page"}],"author":[{"embeddable":true,"href":"https:\/\/hellohome.ir\/de\/wp-json\/wp\/v2\/users\/178"}],"replies":[{"embeddable":true,"href":"https:\/\/hellohome.ir\/de\/wp-json\/wp\/v2\/comments?post=24955"}],"version-history":[{"count":1,"href":"https:\/\/hellohome.ir\/de\/wp-json\/wp\/v2\/pages\/24955\/revisions"}],"predecessor-version":[{"id":24956,"href":"https:\/\/hellohome.ir\/de\/wp-json\/wp\/v2\/pages\/24955\/revisions\/24956"}],"wp:attachment":[{"href":"https:\/\/hellohome.ir\/de\/wp-json\/wp\/v2\/media?parent=24955"}],"curies":[{"name":"wp","href":"https:\/\/api.w.org\/{rel}","templated":true}]}}