{"id":24856,"date":"2022-08-15T17:40:36","date_gmt":"2022-08-15T13:10:36","guid":{"rendered":"https:\/\/hellohome.ir\/konvertierung-des-iranischen-zertifikats-ins-tuerkische\/"},"modified":"2022-10-27T18:05:58","modified_gmt":"2022-10-27T14:35:58","slug":"konvertierung-des-iranischen-zertifikats-ins-tuerkische","status":"publish","type":"page","link":"https:\/\/hellohome.ir\/de\/konvertierung-des-iranischen-zertifikats-ins-tuerkische\/","title":{"rendered":"Konvertierung des iranischen Zertifikats ins T\u00fcrkische"},"content":{"rendered":"\t\t<div data-elementor-type=\"wp-page\" data-elementor-id=\"24856\" class=\"elementor elementor-24856\" data-elementor-post-type=\"page\">\n\t\t\t\t\t\t<section class=\"elementor-section elementor-top-section elementor-element elementor-element-14c9641 elementor-section-boxed elementor-section-height-default elementor-section-height-default\" data-id=\"14c9641\" data-element_type=\"section\">\n\t\t\t\t\t\t<div class=\"elementor-container elementor-column-gap-default\">\n\t\t\t\t\t<div class=\"elementor-column elementor-col-100 elementor-top-column elementor-element elementor-element-4bffbcb\" data-id=\"4bffbcb\" data-element_type=\"column\">\n\t\t\t<div class=\"elementor-widget-wrap elementor-element-populated\">\n\t\t\t\t\t\t<div class=\"elementor-element elementor-element-21d524f elementor-widget elementor-widget-heading\" data-id=\"21d524f\" data-element_type=\"widget\" data-widget_type=\"heading.default\">\n\t\t\t\t<div class=\"elementor-widget-container\">\n\t\t\t<h2 class=\"elementor-heading-title elementor-size-default\">Konvertierung des iranischen Zertifikats ins T\u00fcrkische<\/h2>\t\t<\/div>\n\t\t\t\t<\/div>\n\t\t\t\t\t<\/div>\n\t\t<\/div>\n\t\t\t\t\t<\/div>\n\t\t<\/section>\n\t\t\t\t<section class=\"elementor-section elementor-top-section elementor-element elementor-element-7acaee9 elementor-section-boxed elementor-section-height-default elementor-section-height-default\" data-id=\"7acaee9\" data-element_type=\"section\">\n\t\t\t\t\t\t<div class=\"elementor-container elementor-column-gap-default\">\n\t\t\t\t\t<div class=\"elementor-column elementor-col-100 elementor-top-column elementor-element elementor-element-619ade1\" data-id=\"619ade1\" data-element_type=\"column\">\n\t\t\t<div class=\"elementor-widget-wrap elementor-element-populated\">\n\t\t\t\t\t\t<div class=\"elementor-element elementor-element-c611bdb elementor-widget elementor-widget-text-editor\" data-id=\"c611bdb\" data-element_type=\"widget\" data-widget_type=\"text-editor.default\">\n\t\t\t\t<div class=\"elementor-widget-container\">\n\t\t\t\t\t\t\t\n          <p>Die Umwandlung eines iranischen F\u00fchrerscheins in einen t\u00fcrkischen ist ein weiterer Service, den Hello Home seinen Kunden bietet. Um in der T\u00fcrkei Auto zu fahren, ben\u00f6tigen Sie einen g\u00fcltigen t\u00fcrkischen F\u00fchrerschein. Nat\u00fcrlich k\u00f6nnen Sie mit einem internationalen F\u00fchrerschein als Tourist in der T\u00fcrkei fahren , aber in Anbetracht dessen, dass Sie mit Ihrem internationalen F\u00fchrerschein oder einer \u00dcbersetzung Ihres iranischen F\u00fchrerscheins nur 6 Monate in der T\u00fcrkei fahren d\u00fcrfen. Wenn Sie also beabsichtigen, l\u00e4ngere Zeit in der T\u00fcrkei zu bleiben, ist es sehr wichtig, Ihr iranisches Zertifikat in ein t\u00fcrkisches Zertifikat umzuwandeln, <strong>das 10 Jahre g\u00fcltig ist<\/strong>.<\/p>\n          <p>Wenn Sie ein iranisches Zertifikat ins T\u00fcrkische konvertieren m\u00f6chten, kontaktieren Sie uns \u00fcber <a href=\"https:\/\/wa.me\/905526686890\" target=\"_blank\" rel=\"noopener\">WhatsApp<\/a>.<\/p>\n        \t\t\t\t\t\t<\/div>\n\t\t\t\t<\/div>\n\t\t\t\t\t<\/div>\n\t\t<\/div>\n\t\t\t\t\t<\/div>\n\t\t<\/section>\n\t\t\t\t<\/div>\n\t\t","protected":false},"excerpt":{"rendered":"<p>Konvertierung des iranischen Zertifikats ins T\u00fcrkische Die Umwandlung eines iranischen F\u00fchrerscheins in einen t\u00fcrkischen ist ein weiterer Service, den Hello Home seinen Kunden bietet. Um in der T\u00fcrkei Auto zu fahren, ben\u00f6tigen Sie einen g\u00fcltigen t\u00fcrkischen F\u00fchrerschein. Nat\u00fcrlich k\u00f6nnen Sie mit einem internationalen F\u00fchrerschein als Tourist in der T\u00fcrkei fahren , aber in Anbetracht dessen, [&hellip;]<\/p>\n","protected":false},"author":178,"featured_media":0,"parent":0,"menu_order":0,"comment_status":"closed","ping_status":"closed","template":"","meta":{"footnotes":""},"class_list":["post-24856","page","type-page","status-publish","hentry"],"_links":{"self":[{"href":"https:\/\/hellohome.ir\/de\/wp-json\/wp\/v2\/pages\/24856"}],"collection":[{"href":"https:\/\/hellohome.ir\/de\/wp-json\/wp\/v2\/pages"}],"about":[{"href":"https:\/\/hellohome.ir\/de\/wp-json\/wp\/v2\/types\/page"}],"author":[{"embeddable":true,"href":"https:\/\/hellohome.ir\/de\/wp-json\/wp\/v2\/users\/178"}],"replies":[{"embeddable":true,"href":"https:\/\/hellohome.ir\/de\/wp-json\/wp\/v2\/comments?post=24856"}],"version-history":[{"count":1,"href":"https:\/\/hellohome.ir\/de\/wp-json\/wp\/v2\/pages\/24856\/revisions"}],"predecessor-version":[{"id":24857,"href":"https:\/\/hellohome.ir\/de\/wp-json\/wp\/v2\/pages\/24856\/revisions\/24857"}],"wp:attachment":[{"href":"https:\/\/hellohome.ir\/de\/wp-json\/wp\/v2\/media?parent=24856"}],"curies":[{"name":"wp","href":"https:\/\/api.w.org\/{rel}","templated":true}]}}