{"id":24717,"date":"2022-06-13T16:00:56","date_gmt":"2022-06-13T11:30:56","guid":{"rendered":"https:\/\/hellohome.ir\/spezieller-verkaufsservice\/"},"modified":"2022-10-27T18:05:21","modified_gmt":"2022-10-27T14:35:21","slug":"spezieller-verkaufsservice","status":"publish","type":"page","link":"https:\/\/hellohome.ir\/de\/spezieller-verkaufsservice\/","title":{"rendered":"Spezieller Verkaufsservice"},"content":{"rendered":"\t\t<div data-elementor-type=\"wp-page\" data-elementor-id=\"24717\" class=\"elementor elementor-24717\" data-elementor-post-type=\"page\">\n\t\t\t\t\t\t<section class=\"elementor-section elementor-top-section elementor-element elementor-element-5020499 elementor-section-boxed elementor-section-height-default elementor-section-height-default\" data-id=\"5020499\" data-element_type=\"section\">\n\t\t\t\t\t\t<div class=\"elementor-container elementor-column-gap-default\">\n\t\t\t\t\t<div class=\"elementor-column elementor-col-100 elementor-top-column elementor-element elementor-element-a1ed7ff\" data-id=\"a1ed7ff\" data-element_type=\"column\">\n\t\t\t<div class=\"elementor-widget-wrap elementor-element-populated\">\n\t\t\t\t\t\t<div class=\"elementor-element elementor-element-70c9c5a elementor-widget elementor-widget-heading\" data-id=\"70c9c5a\" data-element_type=\"widget\" data-widget_type=\"heading.default\">\n\t\t\t\t<div class=\"elementor-widget-container\">\n\t\t\t<h2 class=\"elementor-heading-title elementor-size-default\">Spezieller Verkaufsservice<\/h2>\t\t<\/div>\n\t\t\t\t<\/div>\n\t\t\t\t<div class=\"elementor-element elementor-element-1f1db1d elementor-widget elementor-widget-text-editor\" data-id=\"1f1db1d\" data-element_type=\"widget\" data-widget_type=\"text-editor.default\">\n\t\t\t\t<div class=\"elementor-widget-container\">\n\t\t\t\t\t\t\t<p>Das Beraterteam von Hello Home bietet Ihnen nach Beratung und Kenntnis Ihres Zwecks f\u00fcr den Kauf von Immobilien und Investitionen in Alanya Projekte im Bau, Fertigh\u00e4user oder gebrauchte H\u00e4user entsprechend Ihrem Budget und Geschmack an. Nach Auswahl der Immobilie durch den K\u00e4ufer, durch Vorlage von Dokumenten wie einer von der t\u00fcrkischen Regierung genehmigten \u00dcbersetzung des Reisepasses ins T\u00fcrkische, der Steuernummer, 2 Fotos des K\u00e4ufers, dem offiziellen Bericht des Immobiliensachverst\u00e4ndigen und den Unterlagen des Verk\u00e4ufers an das Tapu-B\u00fcro, das f\u00fcr die Erstellung der Dokumente zust\u00e4ndig ist, und es wird beantragt, ein neues Dokument zu erstellen und auf den Namen des K\u00e4ufers zu \u00fcbermitteln.<\/p><p>Nachdem der Transaktionsbetrag an den Verk\u00e4ufer \u00fcberwiesen und alle Anwaltskosten f\u00fcr die \u00dcberweisung des Dokuments bezahlt wurden, gehen der Verk\u00e4ufer und der K\u00e4ufer zum Tapu-B\u00fcro und es wird ein offizielles Dokument auf den Namen des K\u00e4ufers ausgestellt , das Beratungsteam von Hello Home begleitet Sie.<\/p><p>Die Verkaufsdienstleistungen der <a href=\"https:\/\/hellohome.ir\/de\/\">Firma Hello Home<\/a> sind wie folgt:<\/p><ol><li>Hin- und R\u00fcckfahrkarte f\u00fcr 2 Personen<\/li><li>Koordination des Transfers vom Flughafen zur Residenz<\/li><li>Koordination der Unterkunft<\/li><li>Koordinieren der ausgew\u00e4hlten Objekte und deren Besichtigung<\/li><li>Verhandlungen mit dem Verk\u00e4ufer oder Hersteller, um ein passendes Angebot zu erhalten<\/li><li>Pr\u00fcfung der Beschaffenheit des ausgew\u00e4hlten Grundst\u00fccks aus Sicht der Liegenschaftsgemeinde und Vorliegen der Aufenthaltsvoraussetzungen<\/li><li>Verfassen des Vertrages in Anwesenheit des Anwalts des Unternehmens<\/li><li>Vorbereitung der Dokumente, die f\u00fcr den Erhalt eines Immobiliendokuments erforderlich sind, einschlie\u00dflich der \u00dcbersetzung der gew\u00fcnschten Dokumente, sich die Zeit nehmen, das Dokument aus dem Tapu-B\u00fcro zu \u00fcbermitteln, Bankverfahren durchzuf\u00fchren &#8230;<\/li><li>Steuernummer bekommen<\/li><li>Er\u00f6ffnung eines Bankkontos<\/li><li>Begleitung des K\u00e4ufers in Strom-, Wasser- und Versicherungsb\u00fcros<\/li><li>Zusammenarbeit zur Ausstattung der gekauften Einheit<\/li><li>Vermietung der gekauften Einheit auf Wunsch des K\u00e4ufers<\/li><\/ol>\t\t\t\t\t\t<\/div>\n\t\t\t\t<\/div>\n\t\t\t\t\t<\/div>\n\t\t<\/div>\n\t\t\t\t\t<\/div>\n\t\t<\/section>\n\t\t\t\t<\/div>\n\t\t","protected":false},"excerpt":{"rendered":"<p>Spezieller Verkaufsservice Das Beraterteam von Hello Home bietet Ihnen nach Beratung und Kenntnis Ihres Zwecks f\u00fcr den Kauf von Immobilien und Investitionen in Alanya Projekte im Bau, Fertigh\u00e4user oder gebrauchte H\u00e4user entsprechend Ihrem Budget und Geschmack an. Nach Auswahl der Immobilie durch den K\u00e4ufer, durch Vorlage von Dokumenten wie einer von der t\u00fcrkischen Regierung genehmigten [&hellip;]<\/p>\n","protected":false},"author":178,"featured_media":0,"parent":0,"menu_order":0,"comment_status":"closed","ping_status":"closed","template":"","meta":{"footnotes":""},"class_list":["post-24717","page","type-page","status-publish","hentry"],"_links":{"self":[{"href":"https:\/\/hellohome.ir\/de\/wp-json\/wp\/v2\/pages\/24717"}],"collection":[{"href":"https:\/\/hellohome.ir\/de\/wp-json\/wp\/v2\/pages"}],"about":[{"href":"https:\/\/hellohome.ir\/de\/wp-json\/wp\/v2\/types\/page"}],"author":[{"embeddable":true,"href":"https:\/\/hellohome.ir\/de\/wp-json\/wp\/v2\/users\/178"}],"replies":[{"embeddable":true,"href":"https:\/\/hellohome.ir\/de\/wp-json\/wp\/v2\/comments?post=24717"}],"version-history":[{"count":1,"href":"https:\/\/hellohome.ir\/de\/wp-json\/wp\/v2\/pages\/24717\/revisions"}],"predecessor-version":[{"id":24723,"href":"https:\/\/hellohome.ir\/de\/wp-json\/wp\/v2\/pages\/24717\/revisions\/24723"}],"wp:attachment":[{"href":"https:\/\/hellohome.ir\/de\/wp-json\/wp\/v2\/media?parent=24717"}],"curies":[{"name":"wp","href":"https:\/\/api.w.org\/{rel}","templated":true}]}}