{"id":24704,"date":"2022-06-15T13:01:08","date_gmt":"2022-06-15T08:31:08","guid":{"rendered":"https:\/\/hellohome.ir\/waehrungsueberweisungen-vornehmen\/"},"modified":"2022-10-27T17:57:18","modified_gmt":"2022-10-27T14:27:18","slug":"waehrungsueberweisungen-vornehmen","status":"publish","type":"page","link":"https:\/\/hellohome.ir\/de\/waehrungsueberweisungen-vornehmen\/","title":{"rendered":"W\u00e4hrungs\u00fcberweisungen vornehmen"},"content":{"rendered":"\t\t<div data-elementor-type=\"wp-page\" data-elementor-id=\"24704\" class=\"elementor elementor-24704\" data-elementor-post-type=\"page\">\n\t\t\t\t\t\t<section class=\"elementor-section elementor-top-section elementor-element elementor-element-ee1758c elementor-section-boxed elementor-section-height-default elementor-section-height-default\" data-id=\"ee1758c\" data-element_type=\"section\">\n\t\t\t\t\t\t<div class=\"elementor-container elementor-column-gap-default\">\n\t\t\t\t\t<div class=\"elementor-column elementor-col-100 elementor-top-column elementor-element elementor-element-a682e02\" data-id=\"a682e02\" data-element_type=\"column\">\n\t\t\t<div class=\"elementor-widget-wrap elementor-element-populated\">\n\t\t\t\t\t\t<div class=\"elementor-element elementor-element-07ca75c elementor-widget elementor-widget-heading\" data-id=\"07ca75c\" data-element_type=\"widget\" data-widget_type=\"heading.default\">\n\t\t\t\t<div class=\"elementor-widget-container\">\n\t\t\t<h2 class=\"elementor-heading-title elementor-size-default\">W\u00e4hrungs\u00fcberweisungen vornehmen<\/h2>\t\t<\/div>\n\t\t\t\t<\/div>\n\t\t\t\t<div class=\"elementor-element elementor-element-e022eb5 elementor-widget elementor-widget-text-editor\" data-id=\"e022eb5\" data-element_type=\"widget\" data-widget_type=\"text-editor.default\">\n\t\t\t\t<div class=\"elementor-widget-container\">\n\t\t\t\t\t\t\t<p><a href=\"https:\/\/hellohome.ir\/de\/\">Hello Home Company<\/a> bietet K\u00e4ufern und Freunden, die beabsichtigen, Geld zu \u00fcberweisen, spezielle Dienstleistungen an, um es zu erleichtern und zu sichern.<\/p><p>Es sollte beachtet werden, dass Sie daf\u00fcr verantwortlich sind, den Wechselkurs der Transaktion zu \u00fcberpr\u00fcfen und den richtigen Zeitpunkt f\u00fcr die \u00dcberweisung auszuw\u00e4hlen.<\/p><p>Eine der einfachsten, sichersten und zuverl\u00e4ssigsten M\u00f6glichkeiten, Geldtransfers zu t\u00e4tigen, ist der Umtausch.<\/p><p><img fetchpriority=\"high\" decoding=\"async\" class=\"aligncenter wp-image-19730 size-full\" src=\"https:\/\/hellohome.ir\/wp-content\/uploads\/2022\/07\/arzi.jpg\" alt=\"W\u00e4hrungs\u00fcberweisungen vornehmen\" width=\"790\" height=\"444\" srcset=\"https:\/\/hellohome.ir\/wp-content\/uploads\/2022\/07\/arzi.jpg 790w, https:\/\/hellohome.ir\/wp-content\/uploads\/2022\/07\/arzi-300x169.jpg 300w, https:\/\/hellohome.ir\/wp-content\/uploads\/2022\/07\/arzi-768x432.jpg 768w, https:\/\/hellohome.ir\/wp-content\/uploads\/2022\/07\/arzi-496x279.jpg 496w\" sizes=\"(max-width: 790px) 100vw, 790px\" \/><\/p><p>Die meisten t\u00fcrkischen Investoren, die in diesem Land Gesch\u00e4fte machen, Menschen, die in der T\u00fcrkei Immobilien kaufen und mieten m\u00f6chten, diejenigen, die in der T\u00fcrkei arbeiten, und sogar Studenten, die in diesem Land studieren, k\u00f6nnen alle seri\u00f6se B\u00f6rsen in der T\u00fcrkei, im Iran und in der T\u00fcrkei nutzen ihre W\u00e4hrungs\u00fcberweisungsdienste.<br>Indem Sie bei all diesen Schritten begleitet werden, gibt Ihnen die Hello Home Company die Gewissheit, dass sie der Besch\u00fctzer Ihres Kapitals ist.<\/p><p>Weitere Informationen erhalten Sie telefonisch unter <a href=\"tel:05550221888\">05550221888<\/a>.<\/p>\t\t\t\t\t\t<\/div>\n\t\t\t\t<\/div>\n\t\t\t\t\t<\/div>\n\t\t<\/div>\n\t\t\t\t\t<\/div>\n\t\t<\/section>\n\t\t\t\t<\/div>\n\t\t","protected":false},"excerpt":{"rendered":"<p>W\u00e4hrungs\u00fcberweisungen vornehmen Hello Home Company bietet K\u00e4ufern und Freunden, die beabsichtigen, Geld zu \u00fcberweisen, spezielle Dienstleistungen an, um es zu erleichtern und zu sichern. Es sollte beachtet werden, dass Sie daf\u00fcr verantwortlich sind, den Wechselkurs der Transaktion zu \u00fcberpr\u00fcfen und den richtigen Zeitpunkt f\u00fcr die \u00dcberweisung auszuw\u00e4hlen. Eine der einfachsten, sichersten und zuverl\u00e4ssigsten M\u00f6glichkeiten, Geldtransfers [&hellip;]<\/p>\n","protected":false},"author":178,"featured_media":0,"parent":0,"menu_order":0,"comment_status":"closed","ping_status":"closed","template":"","meta":{"footnotes":""},"class_list":["post-24704","page","type-page","status-publish","hentry"],"_links":{"self":[{"href":"https:\/\/hellohome.ir\/de\/wp-json\/wp\/v2\/pages\/24704"}],"collection":[{"href":"https:\/\/hellohome.ir\/de\/wp-json\/wp\/v2\/pages"}],"about":[{"href":"https:\/\/hellohome.ir\/de\/wp-json\/wp\/v2\/types\/page"}],"author":[{"embeddable":true,"href":"https:\/\/hellohome.ir\/de\/wp-json\/wp\/v2\/users\/178"}],"replies":[{"embeddable":true,"href":"https:\/\/hellohome.ir\/de\/wp-json\/wp\/v2\/comments?post=24704"}],"version-history":[{"count":1,"href":"https:\/\/hellohome.ir\/de\/wp-json\/wp\/v2\/pages\/24704\/revisions"}],"predecessor-version":[{"id":24709,"href":"https:\/\/hellohome.ir\/de\/wp-json\/wp\/v2\/pages\/24704\/revisions\/24709"}],"wp:attachment":[{"href":"https:\/\/hellohome.ir\/de\/wp-json\/wp\/v2\/media?parent=24704"}],"curies":[{"name":"wp","href":"https:\/\/api.w.org\/{rel}","templated":true}]}}