{"id":24686,"date":"2022-06-13T16:03:20","date_gmt":"2022-06-13T11:33:20","guid":{"rendered":"https:\/\/hellohome.ir\/erhalt-eines-tuerkischen-passes\/"},"modified":"2022-10-27T17:49:26","modified_gmt":"2022-10-27T14:19:26","slug":"erhalt-eines-tuerkischen-passes","status":"publish","type":"page","link":"https:\/\/hellohome.ir\/de\/erhalt-eines-tuerkischen-passes\/","title":{"rendered":"Erhalt eines t\u00fcrkischen Passes"},"content":{"rendered":"\t\t<div data-elementor-type=\"wp-page\" data-elementor-id=\"24686\" class=\"elementor elementor-24686\" data-elementor-post-type=\"page\">\n\t\t\t\t\t\t<section class=\"elementor-section elementor-top-section elementor-element elementor-element-bdfdb79 elementor-section-boxed elementor-section-height-default elementor-section-height-default\" data-id=\"bdfdb79\" data-element_type=\"section\">\n\t\t\t\t\t\t<div class=\"elementor-container elementor-column-gap-default\">\n\t\t\t\t\t<div class=\"elementor-column elementor-col-100 elementor-top-column elementor-element elementor-element-af38089\" data-id=\"af38089\" data-element_type=\"column\">\n\t\t\t<div class=\"elementor-widget-wrap elementor-element-populated\">\n\t\t\t\t\t\t<div class=\"elementor-element elementor-element-6a24d3d elementor-widget elementor-widget-heading\" data-id=\"6a24d3d\" data-element_type=\"widget\" data-widget_type=\"heading.default\">\n\t\t\t\t<div class=\"elementor-widget-container\">\n\t\t\t<h2 class=\"elementor-heading-title elementor-size-default\">Erhalt eines t\u00fcrkischen Passes<\/h2>\t\t<\/div>\n\t\t\t\t<\/div>\n\t\t\t\t<div class=\"elementor-element elementor-element-10ba080 elementor-widget elementor-widget-text-editor\" data-id=\"10ba080\" data-element_type=\"widget\" data-widget_type=\"text-editor.default\">\n\t\t\t\t<div class=\"elementor-widget-container\">\n\t\t\t\t\t\t\t<p>Um die t\u00fcrkische Staatsb\u00fcrgerschaft oder den <a href=\"https:\/\/hellohome.ir\/de\/erhalt-eines-tuerkischen-passes\/\">t\u00fcrkischen Pass<\/a> zu erhalten, bietet Ihnen der Kauf einer Immobilie im Wert von 400.000 Dollar gem\u00e4\u00df dem neuen Gesetz, das am 13. Juni 2022 (Khordad 1401) in Kraft trat, diese M\u00f6glichkeit.<\/p><p>Der Eigent\u00fcmer der Immobilie und seine Frau und Kinder unter 18 Jahren k\u00f6nnen die Gesch\u00e4ftsvorteile nutzen, indem sie einen t\u00fcrkischen Pass erhalten.<\/p><p><img fetchpriority=\"high\" decoding=\"async\" class=\"aligncenter wp-image-19726 size-full\" src=\"https:\/\/hellohome.ir\/wp-content\/uploads\/2022\/07\/passport.jpg\" alt=\"Erhalt eines t\u00fcrkischen Passes\" width=\"951\" height=\"631\" srcset=\"https:\/\/hellohome.ir\/wp-content\/uploads\/2022\/07\/passport.jpg 951w, https:\/\/hellohome.ir\/wp-content\/uploads\/2022\/07\/passport-300x199.jpg 300w, https:\/\/hellohome.ir\/wp-content\/uploads\/2022\/07\/passport-768x510.jpg 768w, https:\/\/hellohome.ir\/wp-content\/uploads\/2022\/07\/passport-904x600.jpg 904w, https:\/\/hellohome.ir\/wp-content\/uploads\/2022\/07\/passport-496x329.jpg 496w\" sizes=\"(max-width: 951px) 100vw, 951px\" \/><\/p><p>einschlie\u00dflich Handel ohne Einschr\u00e4nkungen, Erhalt spezieller Bankdarlehensfazilit\u00e4ten mit angemessenen Zinss\u00e4tzen, Er\u00f6ffnung pers\u00f6nlicher Konten, Er\u00f6ffnung internationaler Konten, Erhalt neuer Vor- und Nachnamen, spezielle \u00f6ffentliche Versicherungen f\u00fcr t\u00fcrkische Staatsb\u00fcrger, Inanspruchnahme medizinischer Dienstleistungen f\u00fcr spezielle Patienten, die M\u00f6glichkeit, ein dauerhaftes Mobiltelefon zu haben und Festnetz f\u00fcr in der T\u00fcrkei registrierte Unternehmen, einfache Erlangung eines Schengen-Visums, visumfreie Reise in 148 L\u00e4nder der Welt, Erlangung eines amerikanischen 10-Jahres-Visums, Besch\u00e4ftigung in t\u00fcrkischen Regierungsstellen.<\/p><p>Kontaktieren Sie uns, um eine Staatsb\u00fcrgerschaftsberatung per <a href=\"https:\/\/wa.me\/905526686890\" target=\"_blank\" rel=\"noopener\">WhatsApp<\/a> zu erhalten.<\/p>\t\t\t\t\t\t<\/div>\n\t\t\t\t<\/div>\n\t\t\t\t\t<\/div>\n\t\t<\/div>\n\t\t\t\t\t<\/div>\n\t\t<\/section>\n\t\t\t\t<\/div>\n\t\t","protected":false},"excerpt":{"rendered":"<p>Erhalt eines t\u00fcrkischen Passes Um die t\u00fcrkische Staatsb\u00fcrgerschaft oder den t\u00fcrkischen Pass zu erhalten, bietet Ihnen der Kauf einer Immobilie im Wert von 400.000 Dollar gem\u00e4\u00df dem neuen Gesetz, das am 13. Juni 2022 (Khordad 1401) in Kraft trat, diese M\u00f6glichkeit. Der Eigent\u00fcmer der Immobilie und seine Frau und Kinder unter 18 Jahren k\u00f6nnen die [&hellip;]<\/p>\n","protected":false},"author":178,"featured_media":0,"parent":0,"menu_order":0,"comment_status":"closed","ping_status":"closed","template":"","meta":{"footnotes":""},"class_list":["post-24686","page","type-page","status-publish","hentry"],"_links":{"self":[{"href":"https:\/\/hellohome.ir\/de\/wp-json\/wp\/v2\/pages\/24686"}],"collection":[{"href":"https:\/\/hellohome.ir\/de\/wp-json\/wp\/v2\/pages"}],"about":[{"href":"https:\/\/hellohome.ir\/de\/wp-json\/wp\/v2\/types\/page"}],"author":[{"embeddable":true,"href":"https:\/\/hellohome.ir\/de\/wp-json\/wp\/v2\/users\/178"}],"replies":[{"embeddable":true,"href":"https:\/\/hellohome.ir\/de\/wp-json\/wp\/v2\/comments?post=24686"}],"version-history":[{"count":3,"href":"https:\/\/hellohome.ir\/de\/wp-json\/wp\/v2\/pages\/24686\/revisions"}],"predecessor-version":[{"id":24693,"href":"https:\/\/hellohome.ir\/de\/wp-json\/wp\/v2\/pages\/24686\/revisions\/24693"}],"wp:attachment":[{"href":"https:\/\/hellohome.ir\/de\/wp-json\/wp\/v2\/media?parent=24686"}],"curies":[{"name":"wp","href":"https:\/\/api.w.org\/{rel}","templated":true}]}}