{"id":23907,"date":"2020-02-24T22:15:15","date_gmt":"2020-02-24T18:45:15","guid":{"rendered":"https:\/\/hellohome.ir\/ueber-uns\/"},"modified":"2022-10-29T14:49:06","modified_gmt":"2022-10-29T11:19:06","slug":"ueber-uns","status":"publish","type":"page","link":"https:\/\/hellohome.ir\/de\/ueber-uns\/","title":{"rendered":"\u00fcber uns"},"content":{"rendered":"\t\t<div data-elementor-type=\"wp-page\" data-elementor-id=\"23907\" class=\"elementor elementor-23907\" data-elementor-post-type=\"page\">\n\t\t\t\t\t\t<section class=\"elementor-section elementor-top-section elementor-element elementor-element-5b81e21 elementor-section-height-min-height animated-slow elementor-section-boxed elementor-section-height-default elementor-section-items-middle elementor-invisible\" data-id=\"5b81e21\" data-element_type=\"section\" data-settings=\"{&quot;background_background&quot;:&quot;classic&quot;,&quot;animation&quot;:&quot;fadeIn&quot;}\">\n\t\t\t\t\t\t\t<div class=\"elementor-background-overlay\"><\/div>\n\t\t\t\t\t\t\t<div class=\"elementor-container elementor-column-gap-default\">\n\t\t\t\t\t<div class=\"elementor-column elementor-col-100 elementor-top-column elementor-element elementor-element-ad367f8\" data-id=\"ad367f8\" data-element_type=\"column\">\n\t\t\t<div class=\"elementor-widget-wrap elementor-element-populated\">\n\t\t\t\t\t\t\t<\/div>\n\t\t<\/div>\n\t\t\t\t\t<\/div>\n\t\t<\/section>\n\t\t\t\t<section class=\"elementor-section elementor-top-section elementor-element elementor-element-2655f91 elementor-section-boxed elementor-section-height-default elementor-section-height-default\" data-id=\"2655f91\" data-element_type=\"section\">\n\t\t\t\t\t\t\t<div class=\"elementor-background-overlay\"><\/div>\n\t\t\t\t\t\t\t<div class=\"elementor-container elementor-column-gap-default\">\n\t\t\t\t\t<div class=\"elementor-column elementor-col-100 elementor-top-column elementor-element elementor-element-edbbb87\" data-id=\"edbbb87\" data-element_type=\"column\">\n\t\t\t<div class=\"elementor-widget-wrap elementor-element-populated\">\n\t\t\t\t\t\t<div class=\"elementor-element elementor-element-a603888 elementor-widget elementor-widget-heading\" data-id=\"a603888\" data-element_type=\"widget\" data-widget_type=\"heading.default\">\n\t\t\t\t<div class=\"elementor-widget-container\">\n\t\t\t<h2 class=\"elementor-heading-title elementor-size-default\">\u00fcber uns<\/h2>\t\t<\/div>\n\t\t\t\t<\/div>\n\t\t\t\t<div class=\"elementor-element elementor-element-506f912 elementor-widget elementor-widget-text-editor\" data-id=\"506f912\" data-element_type=\"widget\" data-widget_type=\"text-editor.default\">\n\t\t\t\t<div class=\"elementor-widget-container\">\n\t\t\t\t\t\t\t<h4>Willkommen auf der HelloHome-Website.<\/h4><p>Das Immobilienunternehmen Hello Home wurde gegr\u00fcndet, um f\u00fcr diejenigen unter Ihnen, die beabsichtigen, Immobilien in Alanya zu kaufen und zu <a href=\"https:\/\/hellohome.ir\/de\/\">verkaufen oder Immobilien in Alanya<\/a>, der T\u00fcrkei, Alanya und Istanbul zu mieten, eine Zugeh\u00f6rigkeit zu schaffen.<\/p><p>Nach dem Kauf der Immobilie sieht sich Hello Home verpflichtet, alle Aufgaben zur Erlangung des <a href=\"https:\/\/hellohome.ir\/de\/erhalt-eines-tuerkischen-passes\/\">t\u00fcrkischen Wohnsitzes und Passes<\/a>, Er\u00f6ffnung eines Bankkontos, Steuernummer und Versicherungspolice f\u00fcr seine Kunden in k\u00fcrzester Zeit zu erledigen.<\/p><p><strong>Einer unserer Stolz sind stabile Freundschaften, die nach der Transaktion bestehen bleiben.<\/strong><\/p><p><strong>Begleiten Sie uns auf der <a href=\"https:\/\/instagram.com\/hellohome_alanya\" target=\"_blank\" rel=\"noopener\">Instagram-Seite von Hello Home<\/a><\/strong><\/p>\t\t\t\t\t\t<\/div>\n\t\t\t\t<\/div>\n\t\t\t\t\t<\/div>\n\t\t<\/div>\n\t\t\t\t\t<\/div>\n\t\t<\/section>\n\t\t\t\t<\/div>\n\t\t","protected":false},"excerpt":{"rendered":"<p>\u00fcber uns Willkommen auf der HelloHome-Website. Das Immobilienunternehmen Hello Home wurde gegr\u00fcndet, um f\u00fcr diejenigen unter Ihnen, die beabsichtigen, Immobilien in Alanya zu kaufen und zu verkaufen oder Immobilien in Alanya, der T\u00fcrkei, Alanya und Istanbul zu mieten, eine Zugeh\u00f6rigkeit zu schaffen. Nach dem Kauf der Immobilie sieht sich Hello Home verpflichtet, alle Aufgaben zur [&hellip;]<\/p>\n","protected":false},"author":1,"featured_media":0,"parent":0,"menu_order":0,"comment_status":"closed","ping_status":"closed","template":"template\/template-homepage.php","meta":{"footnotes":""},"class_list":["post-23907","page","type-page","status-publish","hentry"],"_links":{"self":[{"href":"https:\/\/hellohome.ir\/de\/wp-json\/wp\/v2\/pages\/23907"}],"collection":[{"href":"https:\/\/hellohome.ir\/de\/wp-json\/wp\/v2\/pages"}],"about":[{"href":"https:\/\/hellohome.ir\/de\/wp-json\/wp\/v2\/types\/page"}],"author":[{"embeddable":true,"href":"https:\/\/hellohome.ir\/de\/wp-json\/wp\/v2\/users\/1"}],"replies":[{"embeddable":true,"href":"https:\/\/hellohome.ir\/de\/wp-json\/wp\/v2\/comments?post=23907"}],"version-history":[{"count":4,"href":"https:\/\/hellohome.ir\/de\/wp-json\/wp\/v2\/pages\/23907\/revisions"}],"predecessor-version":[{"id":30472,"href":"https:\/\/hellohome.ir\/de\/wp-json\/wp\/v2\/pages\/23907\/revisions\/30472"}],"wp:attachment":[{"href":"https:\/\/hellohome.ir\/de\/wp-json\/wp\/v2\/media?parent=23907"}],"curies":[{"name":"wp","href":"https:\/\/api.w.org\/{rel}","templated":true}]}}