{"id":23906,"date":"2022-05-15T20:39:59","date_gmt":"2022-05-15T16:09:59","guid":{"rendered":"https:\/\/hellohome.ir\/unsere-leistungen\/"},"modified":"2022-10-29T15:08:04","modified_gmt":"2022-10-29T11:38:04","slug":"unsere-leistungen","status":"publish","type":"page","link":"https:\/\/hellohome.ir\/de\/unsere-leistungen\/","title":{"rendered":"Unsere Leistungen"},"content":{"rendered":"\t\t<div data-elementor-type=\"wp-post\" data-elementor-id=\"23906\" class=\"elementor elementor-23906\" data-elementor-post-type=\"page\">\n\t\t\t\t\t\t<section class=\"elementor-section elementor-top-section elementor-element elementor-element-44872f0 elementor-section-boxed elementor-section-height-default elementor-section-height-default\" data-id=\"44872f0\" data-element_type=\"section\">\n\t\t\t\t\t\t<div class=\"elementor-container elementor-column-gap-default\">\n\t\t\t\t\t<div class=\"elementor-column elementor-col-100 elementor-top-column elementor-element elementor-element-d2dbd56\" data-id=\"d2dbd56\" data-element_type=\"column\">\n\t\t\t<div class=\"elementor-widget-wrap elementor-element-populated\">\n\t\t\t\t\t\t<div class=\"elementor-element elementor-element-520171f elementor-widget elementor-widget-heading\" data-id=\"520171f\" data-element_type=\"widget\" data-widget_type=\"heading.default\">\n\t\t\t\t<div class=\"elementor-widget-container\">\n\t\t\t<h2 class=\"elementor-heading-title elementor-size-default\">Dienstleistungen der Firma Hello Home<\/h2>\t\t<\/div>\n\t\t\t\t<\/div>\n\t\t\t\t<div class=\"elementor-element elementor-element-42e248e elementor-widget elementor-widget-text-editor\" data-id=\"42e248e\" data-element_type=\"widget\" data-widget_type=\"text-editor.default\">\n\t\t\t\t<div class=\"elementor-widget-container\">\n\t\t\t\t\t\t\t<h4>Dienstleistungen der Firma Hello Home<\/h4><p><span style=\"font-weight: 400;\">Hello Home Company wurde gegr\u00fcndet, um Immobilienk\u00e4ufern in Alanya eine grundlegende Beratung zu bieten.Mit der Zunahme der Baut\u00e4tigkeit und der Aufnahme von K\u00e4ufern aus der ganzen Welt wurden geeignete Bedingungen f\u00fcr Profiteure geschaffen, um diesen Immobilienmarkt unethisch zu nutzen. <\/span><span style=\"font-weight: 400;\"><a href=\"https:\/\/hellohome.ir\/de\/\">Die Firma Hello Home<\/a> ist stolz darauf, Sie mit einer gl\u00e4nzenden Geschichte und einem guten Namen in dieser Stadt vom ersten Erscheinen oder Ihrer Anfrage an zu begleiten.<\/span><\/p><p><strong>Unsere Verkaufsberater werden Sie zun\u00e4chst nach Ihrem Grund f\u00fcr den Kauf einer Immobilie in Alanya fragen:<\/strong><\/p><ul><li style=\"font-weight: 400;\" aria-level=\"1\"><span style=\"font-weight: 400;\">Ist Ihr einziges Ziel zu investieren?<\/span><\/li><li style=\"font-weight: 400;\" aria-level=\"1\"><span style=\"font-weight: 400;\">Planen Sie vor\u00fcbergehende (j\u00e4hrliche) Wohnsitze?<\/span><\/li><li style=\"font-weight: 400;\" aria-level=\"1\"><span style=\"font-weight: 400;\">Haben Sie einen Daueraufenthalt (Reisepass) beantragt?<\/span><\/li><li style=\"font-weight: 400;\" aria-level=\"1\"><span style=\"font-weight: 400;\">Planen Sie in die T\u00fcrkei auszuwandern?<\/span><\/li><\/ul><p><span style=\"font-weight: 400;\">Unsere Berater stellen Ihnen geduldig die passenden Dateien vor, die Ihren Zielen, Ihrem Budget und Ihrem Geschmack entsprechen. (Foto, Film, Location, Preisliste senden) <\/span><span style=\"font-weight: 400;\">Der n\u00e4chste Schritt ist die pers\u00f6nliche Besichtigung Ihrer ausgew\u00e4hlten Projekte und Objekte. Die Vorstellung von im Bau befindlichen oder von Bauherren im Namen dieser Stadt fertiggestellten Projekten ist sehr profitabel f\u00fcr Sie, die beabsichtigen, langfristig und in Raten zu investieren. <\/span><span style=\"font-weight: 400;\">Unsere Finanzberater sind geduldig mit Ihnen, um das von Ihnen gekaufte Geld zu bezahlen oder zu \u00fcberweisen.<\/span><\/p><p><span style=\"font-weight: 400;\">Wir lassen Sie nicht allein, um eine Steuernummer zu bekommen, ein Bankkonto zu er\u00f6ffnen, eine Versicherung abzuschlie\u00dfen und sogar Ihre Kinder in den Schulen von Alanya anzumelden. <\/span><span style=\"font-weight: 400;\">Um den Vertrag zwischen dem K\u00e4ufer und dem Absender und unsere Verpflichtungen zu formalisieren, wird ein offizielles Dokument erstellt, das von der t\u00fcrkischen Regierung genehmigt wurde (Tapu). <\/span><span style=\"font-weight: 400;\">K\u00e4ufer, die beabsichtigen, einen <a href=\"https:\/\/hellohome.ir\/de\/erhalt-eines-tuerkischen-passes\/\">t\u00fcrkischen Pass zu erhalten<\/a>, treten in das Verfahren zur Erlangung der t\u00fcrkischen Staatsb\u00fcrgerschaft ein, indem sie uns dem vertrauensw\u00fcrdigen Anwalt des Unternehmens vorstellen. <\/span><span style=\"font-weight: 400;\">Die Terminvereinbarung f\u00fcr die Wohnungsverwaltung (Rendezvous) und das Ablegen und Ausf\u00fcllen Ihrer Wohnungsakte geh\u00f6rt zu den Dienstleistungen der Firma Hello Home.<\/span><\/p>\t\t\t\t\t\t<\/div>\n\t\t\t\t<\/div>\n\t\t\t\t\t<\/div>\n\t\t<\/div>\n\t\t\t\t\t<\/div>\n\t\t<\/section>\n\t\t\t\t<section class=\"elementor-section elementor-top-section elementor-element elementor-element-350ea3d elementor-section-boxed elementor-section-height-default elementor-section-height-default\" data-id=\"350ea3d\" data-element_type=\"section\">\n\t\t\t\t\t\t<div class=\"elementor-container elementor-column-gap-default\">\n\t\t\t\t\t<div class=\"elementor-column elementor-col-33 elementor-top-column elementor-element elementor-element-2123118\" data-id=\"2123118\" data-element_type=\"column\">\n\t\t\t<div class=\"elementor-widget-wrap elementor-element-populated\">\n\t\t\t\t\t\t<div class=\"elementor-element elementor-element-3575b92f elementor-invisible elementor-widget elementor-widget-Houzez_elementor_grid_builder\" data-id=\"3575b92f\" data-element_type=\"widget\" data-settings=\"{&quot;_animation&quot;:&quot;fadeInRight&quot;,&quot;_animation_delay&quot;:500}\" data-widget_type=\"Houzez_elementor_grid_builder.default\">\n\t\t\t\t<div class=\"elementor-widget-container\">\n\t\t\t\n        <div class=\"grid-item houzez-lazy-bg houzez-lazyload grid-item-v2\" style=\"background-image: url(https:\/\/hellohome.ir\/wp-content\/uploads\/2022\/06\/services.jpg)\">\n            <a class=\"grid-item-link hover-effect-flat\"  target=\"_blank\" href=\"https:\/\/hellohome.ir\/de\/spezieller-verkaufsservice\/\">\n                <div class=\"grid-item-text-wrap\">\n\n                    \n                                        <div class=\"grid-item-title\">Spezieller Verkaufsservice<\/div>\n                                        \n                                            <div class=\"grid-item-text-link\">Mehr Informationen<\/div>\n                        <div class=\"grid-item-icon\">\n                            <i class=\"houzez-icon icon-arrow-button-right-2\"><\/i>\n                        <\/div>\n                                    <\/div><!-- taxonomy-text-wrap -->\n            <\/a>\n        <\/div>\n        \n        \t\t<\/div>\n\t\t\t\t<\/div>\n\t\t\t\t\t<\/div>\n\t\t<\/div>\n\t\t\t\t<div class=\"elementor-column elementor-col-33 elementor-top-column elementor-element elementor-element-ed449df\" data-id=\"ed449df\" data-element_type=\"column\">\n\t\t\t<div class=\"elementor-widget-wrap elementor-element-populated\">\n\t\t\t\t\t\t<div class=\"elementor-element elementor-element-b025c81 elementor-invisible elementor-widget elementor-widget-Houzez_elementor_grid_builder\" data-id=\"b025c81\" data-element_type=\"widget\" data-settings=\"{&quot;_animation&quot;:&quot;fadeInRight&quot;,&quot;_animation_delay&quot;:1000}\" data-widget_type=\"Houzez_elementor_grid_builder.default\">\n\t\t\t\t<div class=\"elementor-widget-container\">\n\t\t\t\n        <div class=\"grid-item houzez-lazy-bg houzez-lazyload grid-item-v2\" style=\"background-image: url(https:\/\/hellohome.ir\/wp-content\/uploads\/2022\/06\/ikamet.jpg)\">\n            <a class=\"grid-item-link hover-effect-flat\"  target=\"_blank\" href=\"https:\/\/hellohome.ir\/de\/erhalt-des-tuerkischen-wohnsitzes\/\">\n                <div class=\"grid-item-text-wrap\">\n\n                    \n                                        <div class=\"grid-item-title\">Erhalt des t\u00fcrkischen Wohnsitzes<\/div>\n                                        \n                                            <div class=\"grid-item-text-link\">Mehr Informationen<\/div>\n                        <div class=\"grid-item-icon\">\n                            <i class=\"houzez-icon icon-arrow-button-right-2\"><\/i>\n                        <\/div>\n                                    <\/div><!-- taxonomy-text-wrap -->\n            <\/a>\n        <\/div>\n        \n        \t\t<\/div>\n\t\t\t\t<\/div>\n\t\t\t\t\t<\/div>\n\t\t<\/div>\n\t\t\t\t<div class=\"elementor-column elementor-col-33 elementor-top-column elementor-element elementor-element-8a874a8\" data-id=\"8a874a8\" data-element_type=\"column\">\n\t\t\t<div class=\"elementor-widget-wrap elementor-element-populated\">\n\t\t\t\t\t\t<div class=\"elementor-element elementor-element-41f2c5f6 elementor-invisible elementor-widget elementor-widget-Houzez_elementor_grid_builder\" data-id=\"41f2c5f6\" data-element_type=\"widget\" data-settings=\"{&quot;_animation&quot;:&quot;fadeInRight&quot;,&quot;_animation_delay&quot;:1500}\" data-widget_type=\"Houzez_elementor_grid_builder.default\">\n\t\t\t\t<div class=\"elementor-widget-container\">\n\t\t\t\n        <div class=\"grid-item houzez-lazy-bg houzez-lazyload grid-item-v2\" style=\"background-image: url(https:\/\/hellohome.ir\/wp-content\/uploads\/2022\/06\/passport.jpg)\">\n            <a class=\"grid-item-link hover-effect-flat\"  target=\"_blank\" href=\"https:\/\/hellohome.ir\/de\/erhalt-eines-tuerkischen-passes\/\">\n                <div class=\"grid-item-text-wrap\">\n\n                    \n                                        <div class=\"grid-item-title\">Erhalt eines t\u00fcrkischen Passes<\/div>\n                                        \n                                            <div class=\"grid-item-text-link\">Mehr Informationen<\/div>\n                        <div class=\"grid-item-icon\">\n                            <i class=\"houzez-icon icon-arrow-button-right-2\"><\/i>\n                        <\/div>\n                                    <\/div><!-- taxonomy-text-wrap -->\n            <\/a>\n        <\/div>\n        \n        \t\t<\/div>\n\t\t\t\t<\/div>\n\t\t\t\t\t<\/div>\n\t\t<\/div>\n\t\t\t\t\t<\/div>\n\t\t<\/section>\n\t\t\t\t<section class=\"elementor-section elementor-top-section elementor-element elementor-element-4f93f50 elementor-section-boxed elementor-section-height-default elementor-section-height-default\" data-id=\"4f93f50\" data-element_type=\"section\">\n\t\t\t\t\t\t<div class=\"elementor-container elementor-column-gap-default\">\n\t\t\t\t\t<div class=\"elementor-column elementor-col-33 elementor-top-column elementor-element elementor-element-4a510f0\" data-id=\"4a510f0\" data-element_type=\"column\">\n\t\t\t<div class=\"elementor-widget-wrap elementor-element-populated\">\n\t\t\t\t\t\t<div class=\"elementor-element elementor-element-3a04774 elementor-invisible elementor-widget elementor-widget-Houzez_elementor_grid_builder\" data-id=\"3a04774\" data-element_type=\"widget\" data-settings=\"{&quot;_animation&quot;:&quot;fadeInRight&quot;,&quot;_animation_delay&quot;:500}\" data-widget_type=\"Houzez_elementor_grid_builder.default\">\n\t\t\t\t<div class=\"elementor-widget-container\">\n\t\t\t\n        <div class=\"grid-item houzez-lazy-bg houzez-lazyload grid-item-v2\" style=\"background-image: url(https:\/\/hellohome.ir\/wp-content\/uploads\/2022\/06\/tahsil.jpg)\">\n            <a class=\"grid-item-link hover-effect-flat\"  target=\"_blank\" href=\"https:\/\/hellohome.ir\/de\/studienberatung-in-alanya\/\">\n                <div class=\"grid-item-text-wrap\">\n\n                    \n                                        <div class=\"grid-item-title\">Studienberatung in Alanya<\/div>\n                                        \n                                            <div class=\"grid-item-text-link\">Mehr Informationen<\/div>\n                        <div class=\"grid-item-icon\">\n                            <i class=\"houzez-icon icon-arrow-button-right-2\"><\/i>\n                        <\/div>\n                                    <\/div><!-- taxonomy-text-wrap -->\n            <\/a>\n        <\/div>\n        \n        \t\t<\/div>\n\t\t\t\t<\/div>\n\t\t\t\t\t<\/div>\n\t\t<\/div>\n\t\t\t\t<div class=\"elementor-column elementor-col-33 elementor-top-column elementor-element elementor-element-61636cc\" data-id=\"61636cc\" data-element_type=\"column\">\n\t\t\t<div class=\"elementor-widget-wrap elementor-element-populated\">\n\t\t\t\t\t\t<div class=\"elementor-element elementor-element-6769b38 elementor-invisible elementor-widget elementor-widget-Houzez_elementor_grid_builder\" data-id=\"6769b38\" data-element_type=\"widget\" data-settings=\"{&quot;_animation&quot;:&quot;fadeInRight&quot;,&quot;_animation_delay&quot;:1000}\" data-widget_type=\"Houzez_elementor_grid_builder.default\">\n\t\t\t\t<div class=\"elementor-widget-container\">\n\t\t\t\n        <div class=\"grid-item houzez-lazy-bg houzez-lazyload grid-item-v2\" style=\"background-image: url(https:\/\/hellohome.ir\/wp-content\/uploads\/2022\/06\/sigorta.jpg)\">\n            <a class=\"grid-item-link hover-effect-flat\"  target=\"_blank\" href=\"https:\/\/hellohome.ir\/de\/schliessen-sie-eine-touristenversicherung-ab\/\">\n                <div class=\"grid-item-text-wrap\">\n\n                    \n                                        <div class=\"grid-item-title\">Schlie\u00dfen Sie eine Touristenversicherung ab<\/div>\n                                        \n                                            <div class=\"grid-item-text-link\">Mehr Informationen<\/div>\n                        <div class=\"grid-item-icon\">\n                            <i class=\"houzez-icon icon-arrow-button-right-2\"><\/i>\n                        <\/div>\n                                    <\/div><!-- taxonomy-text-wrap -->\n            <\/a>\n        <\/div>\n        \n        \t\t<\/div>\n\t\t\t\t<\/div>\n\t\t\t\t\t<\/div>\n\t\t<\/div>\n\t\t\t\t<div class=\"elementor-column elementor-col-33 elementor-top-column elementor-element elementor-element-330d6c3\" data-id=\"330d6c3\" data-element_type=\"column\">\n\t\t\t<div class=\"elementor-widget-wrap elementor-element-populated\">\n\t\t\t\t\t\t<div class=\"elementor-element elementor-element-f264b0d elementor-invisible elementor-widget elementor-widget-Houzez_elementor_grid_builder\" data-id=\"f264b0d\" data-element_type=\"widget\" data-settings=\"{&quot;_animation&quot;:&quot;fadeInRight&quot;,&quot;_animation_delay&quot;:1500}\" data-widget_type=\"Houzez_elementor_grid_builder.default\">\n\t\t\t\t<div class=\"elementor-widget-container\">\n\t\t\t\n        <div class=\"grid-item houzez-lazy-bg houzez-lazyload grid-item-v2\" style=\"background-image: url(https:\/\/hellohome.ir\/wp-content\/uploads\/2022\/06\/invest-turkey.jpg)\">\n            <a class=\"grid-item-link hover-effect-flat\"  target=\"_blank\" href=\"https:\/\/hellohome.ir\/de\/anlageberatung\/\">\n                <div class=\"grid-item-text-wrap\">\n\n                    \n                                        <div class=\"grid-item-title\">Anlageberatung<\/div>\n                                        \n                                            <div class=\"grid-item-text-link\">Mehr Informationen<\/div>\n                        <div class=\"grid-item-icon\">\n                            <i class=\"houzez-icon icon-arrow-button-right-2\"><\/i>\n                        <\/div>\n                                    <\/div><!-- taxonomy-text-wrap -->\n            <\/a>\n        <\/div>\n        \n        \t\t<\/div>\n\t\t\t\t<\/div>\n\t\t\t\t\t<\/div>\n\t\t<\/div>\n\t\t\t\t\t<\/div>\n\t\t<\/section>\n\t\t\t\t<section class=\"elementor-section elementor-top-section elementor-element elementor-element-0db21cb elementor-section-boxed elementor-section-height-default elementor-section-height-default\" data-id=\"0db21cb\" data-element_type=\"section\">\n\t\t\t\t\t\t<div class=\"elementor-container elementor-column-gap-default\">\n\t\t\t\t\t<div class=\"elementor-column elementor-col-33 elementor-top-column elementor-element elementor-element-4e5a552\" data-id=\"4e5a552\" data-element_type=\"column\">\n\t\t\t<div class=\"elementor-widget-wrap elementor-element-populated\">\n\t\t\t\t\t\t<div class=\"elementor-element elementor-element-cd0377e elementor-invisible elementor-widget elementor-widget-Houzez_elementor_grid_builder\" data-id=\"cd0377e\" data-element_type=\"widget\" data-settings=\"{&quot;_animation&quot;:&quot;fadeInRight&quot;,&quot;_animation_delay&quot;:500}\" data-widget_type=\"Houzez_elementor_grid_builder.default\">\n\t\t\t\t<div class=\"elementor-widget-container\">\n\t\t\t\n        <div class=\"grid-item houzez-lazy-bg houzez-lazyload grid-item-v2\" style=\"background-image: url(https:\/\/hellohome.ir\/wp-content\/uploads\/2022\/08\/govahiname.jpg)\">\n            <a class=\"grid-item-link hover-effect-flat\"  target=\"_blank\" href=\"https:\/\/hellohome.ir\/de\/konvertierung-des-iranischen-zertifikats-ins-tuerkische\/\">\n                <div class=\"grid-item-text-wrap\">\n\n                    \n                                        <div class=\"grid-item-title\">Konvertierung des iranischen Zertifikats ins T\u00fcrkische<\/div>\n                                        \n                                            <div class=\"grid-item-text-link\">Mehr Informationen<\/div>\n                        <div class=\"grid-item-icon\">\n                            <i class=\"houzez-icon icon-arrow-button-right-2\"><\/i>\n                        <\/div>\n                                    <\/div><!-- taxonomy-text-wrap -->\n            <\/a>\n        <\/div>\n        \n        \t\t<\/div>\n\t\t\t\t<\/div>\n\t\t\t\t\t<\/div>\n\t\t<\/div>\n\t\t\t\t<div class=\"elementor-column elementor-col-33 elementor-top-column elementor-element elementor-element-5ec903f\" data-id=\"5ec903f\" data-element_type=\"column\">\n\t\t\t<div class=\"elementor-widget-wrap elementor-element-populated\">\n\t\t\t\t\t\t<div class=\"elementor-element elementor-element-79ff3a3 elementor-invisible elementor-widget elementor-widget-Houzez_elementor_grid_builder\" data-id=\"79ff3a3\" data-element_type=\"widget\" data-settings=\"{&quot;_animation&quot;:&quot;fadeInRight&quot;,&quot;_animation_delay&quot;:1000}\" data-widget_type=\"Houzez_elementor_grid_builder.default\">\n\t\t\t\t<div class=\"elementor-widget-container\">\n\t\t\t\n        <div class=\"grid-item houzez-lazy-bg houzez-lazyload grid-item-v2\" style=\"background-image: url(https:\/\/hellohome.ir\/wp-content\/uploads\/2022\/06\/havalejat-arzi.jpg)\">\n            <a class=\"grid-item-link hover-effect-flat\"  target=\"_blank\" href=\"https:\/\/hellohome.ir\/de\/waehrungsueberweisungen-vornehmen\/\">\n                <div class=\"grid-item-text-wrap\">\n\n                    \n                                        <div class=\"grid-item-title\">Geld\u00fcberweisungen vornehmen<\/div>\n                                        \n                                            <div class=\"grid-item-text-link\">Mehr Informationen<\/div>\n                        <div class=\"grid-item-icon\">\n                            <i class=\"houzez-icon icon-arrow-button-right-2\"><\/i>\n                        <\/div>\n                                    <\/div><!-- taxonomy-text-wrap -->\n            <\/a>\n        <\/div>\n        \n        \t\t<\/div>\n\t\t\t\t<\/div>\n\t\t\t\t\t<\/div>\n\t\t<\/div>\n\t\t\t\t<div class=\"elementor-column elementor-col-33 elementor-top-column elementor-element elementor-element-f6101dc\" data-id=\"f6101dc\" data-element_type=\"column\">\n\t\t\t<div class=\"elementor-widget-wrap elementor-element-populated\">\n\t\t\t\t\t\t<div class=\"elementor-element elementor-element-5799a9a elementor-invisible elementor-widget elementor-widget-Houzez_elementor_grid_builder\" data-id=\"5799a9a\" data-element_type=\"widget\" data-settings=\"{&quot;_animation&quot;:&quot;fadeInRight&quot;,&quot;_animation_delay&quot;:1500}\" data-widget_type=\"Houzez_elementor_grid_builder.default\">\n\t\t\t\t<div class=\"elementor-widget-container\">\n\t\t\t\n        <div class=\"grid-item houzez-lazy-bg houzez-lazyload grid-item-v2\" style=\"background-image: url(https:\/\/hellohome.ir\/wp-content\/uploads\/2022\/06\/rent-a-car.jpg)\">\n            <a class=\"grid-item-link hover-effect-flat\"  target=\"_blank\" href=\"https:\/\/hellohome.ir\/de\/autovermietung\/\">\n                <div class=\"grid-item-text-wrap\">\n\n                    \n                                        <div class=\"grid-item-title\">Autovermietung<\/div>\n                                        \n                                            <div class=\"grid-item-text-link\">Mehr Informationen<\/div>\n                        <div class=\"grid-item-icon\">\n                            <i class=\"houzez-icon icon-arrow-button-right-2\"><\/i>\n                        <\/div>\n                                    <\/div><!-- taxonomy-text-wrap -->\n            <\/a>\n        <\/div>\n        \n        \t\t<\/div>\n\t\t\t\t<\/div>\n\t\t\t\t\t<\/div>\n\t\t<\/div>\n\t\t\t\t\t<\/div>\n\t\t<\/section>\n\t\t\t\t<\/div>\n\t\t","protected":false},"excerpt":{"rendered":"<p>Dienstleistungen der Firma Hello Home Dienstleistungen der Firma Hello Home Hello Home Company wurde gegr\u00fcndet, um Immobilienk\u00e4ufern in Alanya eine grundlegende Beratung zu bieten.Mit der Zunahme der Baut\u00e4tigkeit und der Aufnahme von K\u00e4ufern aus der ganzen Welt wurden geeignete Bedingungen f\u00fcr Profiteure geschaffen, um diesen Immobilienmarkt unethisch zu nutzen. Die Firma Hello Home ist stolz [&hellip;]<\/p>\n","protected":false},"author":177,"featured_media":0,"parent":0,"menu_order":0,"comment_status":"closed","ping_status":"closed","template":"template\/template-homepage.php","meta":{"footnotes":""},"class_list":["post-23906","page","type-page","status-publish","hentry"],"_links":{"self":[{"href":"https:\/\/hellohome.ir\/de\/wp-json\/wp\/v2\/pages\/23906"}],"collection":[{"href":"https:\/\/hellohome.ir\/de\/wp-json\/wp\/v2\/pages"}],"about":[{"href":"https:\/\/hellohome.ir\/de\/wp-json\/wp\/v2\/types\/page"}],"author":[{"embeddable":true,"href":"https:\/\/hellohome.ir\/de\/wp-json\/wp\/v2\/users\/177"}],"replies":[{"embeddable":true,"href":"https:\/\/hellohome.ir\/de\/wp-json\/wp\/v2\/comments?post=23906"}],"version-history":[{"count":4,"href":"https:\/\/hellohome.ir\/de\/wp-json\/wp\/v2\/pages\/23906\/revisions"}],"predecessor-version":[{"id":30483,"href":"https:\/\/hellohome.ir\/de\/wp-json\/wp\/v2\/pages\/23906\/revisions\/30483"}],"wp:attachment":[{"href":"https:\/\/hellohome.ir\/de\/wp-json\/wp\/v2\/media?parent=23906"}],"curies":[{"name":"wp","href":"https:\/\/api.w.org\/{rel}","templated":true}]}}