{"id":23854,"date":"2022-06-15T13:00:25","date_gmt":"2022-06-15T08:30:25","guid":{"rendered":"https:\/\/hellohome.ir\/erhalt-des-tuerkischen-wohnsitzes\/"},"modified":"2022-10-29T15:20:19","modified_gmt":"2022-10-29T11:50:19","slug":"erhalt-des-tuerkischen-wohnsitzes","status":"publish","type":"page","link":"https:\/\/hellohome.ir\/de\/erhalt-des-tuerkischen-wohnsitzes\/","title":{"rendered":"Erhalt des t\u00fcrkischen Wohnsitzes"},"content":{"rendered":"\t\t<div data-elementor-type=\"wp-page\" data-elementor-id=\"23854\" class=\"elementor elementor-23854\" data-elementor-post-type=\"page\">\n\t\t\t\t\t\t<section class=\"elementor-section elementor-top-section elementor-element elementor-element-2e37ddb elementor-section-boxed elementor-section-height-default elementor-section-height-default\" data-id=\"2e37ddb\" data-element_type=\"section\">\n\t\t\t\t\t\t<div class=\"elementor-container elementor-column-gap-default\">\n\t\t\t\t\t<div class=\"elementor-column elementor-col-100 elementor-top-column elementor-element elementor-element-075e1f4\" data-id=\"075e1f4\" data-element_type=\"column\">\n\t\t\t<div class=\"elementor-widget-wrap elementor-element-populated\">\n\t\t\t\t\t\t<div class=\"elementor-element elementor-element-d0a9875 elementor-widget elementor-widget-heading\" data-id=\"d0a9875\" data-element_type=\"widget\" data-widget_type=\"heading.default\">\n\t\t\t\t<div class=\"elementor-widget-container\">\n\t\t\t<h2 class=\"elementor-heading-title elementor-size-default\">Erhalt des t\u00fcrkischen Wohnsitzes<\/h2>\t\t<\/div>\n\t\t\t\t<\/div>\n\t\t\t\t<div class=\"elementor-element elementor-element-1c41ea6 elementor-widget elementor-widget-text-editor\" data-id=\"1c41ea6\" data-element_type=\"widget\" data-widget_type=\"text-editor.default\">\n\t\t\t\t<div class=\"elementor-widget-container\">\n\t\t\t\t\t\t\t<p>Nach dem 13. Juni 2022 (Khordad 1401) erhalten Sie mit der \u00c4nderung des t\u00fcrkischen Rechts einen ein- oder zweij\u00e4hrigen Aufenthalt (vor\u00fcbergehender Aufenthalt), der durch den Kauf einer Immobilie im Wert von 75.000 Dollar verl\u00e4ngert werden kann.<\/p><p>Um nach dem Kauf <a href=\"https:\/\/hellohome.ir\/de\/\">einer Immobilie<\/a> im Wert von 75.000 Dollar einen vor\u00fcbergehenden <a href=\"https:\/\/www.goc.gov.tr\/\" target=\"_blank\" rel=\"noopener\">Wohnsitz zu erhalten<\/a>, m\u00fcssen die Dokumente ausgef\u00fcllt und bei der Einwanderungsbeh\u00f6rde eingereicht werden.<\/p><p>Unser Team wird Sie bei allen folgenden Schritten begleiten:<\/p><p>1- Er\u00f6ffnung eines Bankkontos<\/p><p>2- Erhalt einer Steuernummer<\/p><p>3- <a href=\"https:\/\/hellohome.ir\/de\/schliessen-sie-eine-touristenversicherung-ab\/\">Abschluss einer Versicherung<\/a><\/p><p>4- Vervollst\u00e4ndigung der erforderlichen Dateien und Dokumente<\/p><p>5- Vereinbaren Sie einen Termin, um die Einwanderungsbeh\u00f6rde zu besuchen<\/p><p>Nach dem Besuch der Einwanderungsbeh\u00f6rde und dem Einreichen der erforderlichen Dokumente wird Ihre vorl\u00e4ufige Aufenthaltskarte von der t\u00fcrkischen Regierung ausgestellt und innerhalb von 2 Wochen an Ihre Adresse gesendet. Sollte ein Problem auftreten, sieht sich <a href=\"https:\/\/hellohome.ir\/de\/\">Hello Home verpflichtet<\/a>, Ihnen bei der Behebung des Problems zu helfen.<\/p><p><img fetchpriority=\"high\" decoding=\"async\" class=\"aligncenter wp-image-19722 size-full\" src=\"https:\/\/hellohome.ir\/wp-content\/uploads\/2022\/07\/eghamat-turky.jpg\" alt=\"Erhalt des t\u00fcrkischen Wohnsitzes\" width=\"750\" height=\"450\" srcset=\"https:\/\/hellohome.ir\/wp-content\/uploads\/2022\/07\/eghamat-turky.jpg 750w, https:\/\/hellohome.ir\/wp-content\/uploads\/2022\/07\/eghamat-turky-300x180.jpg 300w, https:\/\/hellohome.ir\/wp-content\/uploads\/2022\/07\/eghamat-turky-496x298.jpg 496w\" sizes=\"(max-width: 750px) 100vw, 750px\" \/><\/p>\t\t\t\t\t\t<\/div>\n\t\t\t\t<\/div>\n\t\t\t\t\t<\/div>\n\t\t<\/div>\n\t\t\t\t\t<\/div>\n\t\t<\/section>\n\t\t\t\t<\/div>\n\t\t","protected":false},"excerpt":{"rendered":"<p>Erhalt des t\u00fcrkischen Wohnsitzes Nach dem 13. Juni 2022 (Khordad 1401) erhalten Sie mit der \u00c4nderung des t\u00fcrkischen Rechts einen ein- oder zweij\u00e4hrigen Aufenthalt (vor\u00fcbergehender Aufenthalt), der durch den Kauf einer Immobilie im Wert von 75.000 Dollar verl\u00e4ngert werden kann. Um nach dem Kauf einer Immobilie im Wert von 75.000 Dollar einen vor\u00fcbergehenden Wohnsitz zu [&hellip;]<\/p>\n","protected":false},"author":178,"featured_media":0,"parent":0,"menu_order":0,"comment_status":"closed","ping_status":"closed","template":"","meta":{"footnotes":""},"class_list":["post-23854","page","type-page","status-publish","hentry"],"_links":{"self":[{"href":"https:\/\/hellohome.ir\/de\/wp-json\/wp\/v2\/pages\/23854"}],"collection":[{"href":"https:\/\/hellohome.ir\/de\/wp-json\/wp\/v2\/pages"}],"about":[{"href":"https:\/\/hellohome.ir\/de\/wp-json\/wp\/v2\/types\/page"}],"author":[{"embeddable":true,"href":"https:\/\/hellohome.ir\/de\/wp-json\/wp\/v2\/users\/178"}],"replies":[{"embeddable":true,"href":"https:\/\/hellohome.ir\/de\/wp-json\/wp\/v2\/comments?post=23854"}],"version-history":[{"count":4,"href":"https:\/\/hellohome.ir\/de\/wp-json\/wp\/v2\/pages\/23854\/revisions"}],"predecessor-version":[{"id":30499,"href":"https:\/\/hellohome.ir\/de\/wp-json\/wp\/v2\/pages\/23854\/revisions\/30499"}],"wp:attachment":[{"href":"https:\/\/hellohome.ir\/de\/wp-json\/wp\/v2\/media?parent=23854"}],"curies":[{"name":"wp","href":"https:\/\/api.w.org\/{rel}","templated":true}]}}